{"id":6393,"date":"2020-07-31T20:11:45","date_gmt":"2020-07-31T23:11:45","guid":{"rendered":"http:\/\/fundacionipna.org.ar\/?page_id=6393"},"modified":"2021-07-22T15:30:10","modified_gmt":"2021-07-22T18:30:10","slug":"pensiones-no-contributivas","status":"publish","type":"page","link":"https:\/\/fundacionipna.org.ar\/it\/pensiones-no-contributivas\/","title":{"rendered":"Pensione non contributiva"},"content":{"rendered":"<div data-elementor-type=\"wp-page\"   data-elementor-id=\"6393\"   class=\"elementor elementor-6393\"   data-elementor-settings=\"[]\">\n\t\t\t\t\t\t<div class=\"elementor-inner\">\n\t\t\t\t\t\t\t<div class=\"elementor-section-wrap\">\n\t\t\t\t\t\t\t<section data-particle_enable=\"false\"   data-particle-mobile-disabled=\"false\"   class=\"elementor-section elementor-top-section elementor-element elementor-element-8d693fc elementor-section-boxed elementor-section-height-default elementor-section-height-default\"   data-id=\"8d693fc\" data-element_type=\"section\">\n\t\t\t\t\t\t<div class=\"elementor-container elementor-column-gap-wider\">\n\t\t\t\t\t\t\t<div class=\"elementor-row\">\n\t\t\t\t\t<div class=\"elementor-column elementor-col-50 elementor-top-column elementor-element elementor-element-92c40a3\"   data-id=\"92c40a3\"  data-element_type=\"column\">\n\t\t\t<div class=\"elementor-column-wrap elementor-element-populated\">\n\t\t\t\t\t\t\t<div class=\"elementor-widget-wrap\">\n\t\t\t\t\t\t<div class=\"elementor-element-custom_font_family elementor-element-custom_font_weight elementor-element elementor-element-9431eb1 elementor-widget elementor-widget-text-editor\"   data-id=\"9431eb1\"   data-element_type=\"widget\"   data-widget_type=\"text-editor.default\">\n\t\t\t\t<div class=\"elementor-widget-container\">\n\t\t\t\t\t<div class=\"elementor-text-editor elementor-clearfix\"><p class=\"western\"  align=\"justify\"><span>Queste pensioni sono assegnate dallo Stato a coloro che non hanno un lavoro dipendente o non abbiano contribuito al sistema previdenziale nazionale. I titolari possono essere persone con il 76% di invalidit\u00e0, madri di 7 o pi\u00f9 figli e persone con pi\u00f9 di 70 anni senza entrate.<\/span><\/p><p class=\"western\"   align=\"justify\"><span>Sono incompatibili con altri tipi di pensioni. La titolarit\u00e0 \u00e8 valida fino a quando si mantengono le stesse condizioni che hanno permesso di ottenerle.<\/span><\/p><p class=\"western\"   align=\"justify\">A partire dai 18 anni, la persona con disabilit\u00e0 che gi\u00e0 riceveva una pensione non contributiva attraverso i suoi genitori o responsabili, passer\u00e0 ad essere titolare di questo diritto e riscuoterla direttamente a suo nome. Se non aveva questa pensione, e a partire da questo momento la vuole sollecitare, potr\u00e0 farlo presentando richiesta all\u2019organismo corrispondente, potendo contare sugli appoggi necessari che gli permettano realizzare la procedura nelle condizioni adeguate (Risoluzione ANDIS 93\/2020). <\/p><\/div>\n\t\t\t\t<\/div>\n\t\t\t\t<\/div>\n\t\t\t\t<div class=\"elementor-element elementor-element-a779f4c elementor-widget elementor-widget-spacer\"   data-id=\"a779f4c\"   data-element_type=\"widget\"   data-widget_type=\"spacer.default\">\n\t\t\t\t<div class=\"elementor-widget-container\">\n\t\t\t\t\t<div class=\"elementor-spacer\">\n\t\t\t<div class=\"elementor-spacer-inner\"><\/div>\n\t\t<\/div>\n\t\t\t\t<\/div>\n\t\t\t\t<\/div>\n\t\t\t\t<div class=\"elementor-element-custom_font_size elementor-element-custom_font_family elementor-element-custom_font_weight elementor-element-custom_color elementor-element elementor-element-e2c91ff elementor-widget elementor-widget-text-editor\"   data-id=\"e2c91ff\"   data-element_type=\"widget\"   data-widget_type=\"text-editor.default\">\n\t\t\t\t<div class=\"elementor-widget-container\">\n\t\t\t\t\t<div class=\"elementor-text-editor elementor-clearfix\"><p>Come farne richiesta?<\/p><\/div>\n\t\t\t\t<\/div>\n\t\t\t\t<\/div>\n\t\t\t\t<div class=\"elementor-element elementor-element-b2eb787 elementor-widget elementor-widget-spacer\"   data-id=\"b2eb787\"   data-element_type=\"widget\"   data-widget_type=\"spacer.default\">\n\t\t\t\t<div class=\"elementor-widget-container\">\n\t\t\t\t\t<div class=\"elementor-spacer\">\n\t\t\t<div class=\"elementor-spacer-inner\"><\/div>\n\t\t<\/div>\n\t\t\t\t<\/div>\n\t\t\t\t<\/div>\n\t\t\t\t<div class=\"elementor-element-custom_font_family elementor-element-custom_font_weight elementor-element elementor-element-ec84c05 elementor-widget elementor-widget-text-editor\"   data-id=\"ec84c05\"   data-element_type=\"widget\"   data-widget_type=\"text-editor.default\">\n\t\t\t\t<div class=\"elementor-widget-container\">\n\t\t\t\t\t<div class=\"elementor-text-editor elementor-clearfix\"><p class=\" translation-block\">Per sollecitare la pensione non contributiva (PNC) \u00e8 necessario inoltrare il certificato medico ufficiale (CMO) all\u2019ospedale pubblico o al centro di salute pi\u00f9 vicino al domicilio del titolare. Si deve poi sollecitare un appuntamento alla pagina internet ANSES: www.argentina.gob.ar\/anses.<\/p><p><strong>Tutte le pratiche sono gratuite. Non \u00e8 necessario nessun consulente per la loro gestione.<\/strong><\/p><\/div>\n\t\t\t\t<\/div>\n\t\t\t\t<\/div>\n\t\t\t\t\t\t<\/div>\n\t\t\t\t\t<\/div>\n\t\t<\/div>\n\t\t\t\t<div class=\"elementor-column elementor-col-50 elementor-top-column elementor-element elementor-element-2896768\"   data-id=\"2896768\"   data-element_type=\"column\">\n\t\t\t<div class=\"elementor-column-wrap elementor-element-populated\">\n\t\t\t\t\t\t\t<div class=\"elementor-widget-wrap\">\n\t\t\t\t\t\t<div class=\"elementor-element elementor-element-4a307ed elementor-aspect-ratio-169 elementor-widget elementor-widget-video\"   data-id=\"4a307ed\"   data-element_type=\"widget\"   data-settings=\"{&quot;aspect_ratio&quot;:&quot;169&quot;}\"  data-widget_type=\"video.default\">\n\t\t\t\t<div class=\"elementor-widget-container\">\n\t\t\t\t\t<div class=\"elementor-wrapper elementor-fit-aspect-ratio elementor-open-inline\">\n\t\t\t<iframe class=\"elementor-video-iframe\"   allowfullscreen title=\"youtube Video Player\"   src=\"https:\/\/www.youtube.com\/embed\/2lzm4cbemDc?feature=oembed&start&end&wmode=opaque&loop=0&controls=1&mute=0&rel=0&modestbranding=0\"><\/iframe>\t\t<\/div>\n\t\t\t\t<\/div>\n\t\t\t\t<\/div>\n\t\t\t\t<div class=\"elementor-element elementor-element-95e350a elementor-aspect-ratio-169 elementor-widget elementor-widget-video\"   data-id=\"95e350a\"   data-element_type=\"widget\"   data-settings=\"{&quot;aspect_ratio&quot;:&quot;169&quot;}\"   data-widget_type=\"video.default\">\n\t\t\t\t<div class=\"elementor-widget-container\">\n\t\t\t\t\t<div class=\"elementor-wrapper elementor-fit-aspect-ratio elementor-open-inline\">\n\t\t\t\t\t<video class=\"elementor-video\"   src=\"https:\/\/fundacionipna.org.ar\/wp-content\/uploads\/2021\/07\/TRAILER-IPNA-UNICEF_1.mp4\"  controls=\"\" controlslist=\"nodownload\"><\/video>\n\t\t\t\t<\/div>\n\t\t\t\t<\/div>\n\t\t\t\t<\/div>\n\t\t\t\t\t\t<\/div>\n\t\t\t\t\t<\/div>\n\t\t<\/div>\n\t\t\t\t\t\t\t\t<\/div>\n\t\t\t\t\t<\/div>\n\t\t<\/section>\n\t\t\t\t\t\t<\/div>\n\t\t\t\t\t\t<\/div>\n\t\t\t\t\t<\/div>","protected":false},"excerpt":{"rendered":"<p>Estas pensiones son un Derecho otorgado por el Estado nacional a quienes no tengan un trabajo en relaci\u00f3n de dependencia y no hayan aportado al sistema previsional (de jubilaci\u00f3n). Los titulares pueden ser personas con 76% de invalidez, madres de siete o m\u00e1s hijos y personas mayores de 70 a\u00f1os sin ingresos. Son incompatibles con [&hellip;]<\/p>","protected":false},"author":1,"featured_media":0,"parent":0,"menu_order":0,"comment_status":"closed","ping_status":"closed","template":"","meta":{"footnotes":""},"_links":{"self":[{"href":"https:\/\/fundacionipna.org.ar\/it\/wp-json\/wp\/v2\/pages\/6393"}],"collection":[{"href":"https:\/\/fundacionipna.org.ar\/it\/wp-json\/wp\/v2\/pages"}],"about":[{"href":"https:\/\/fundacionipna.org.ar\/it\/wp-json\/wp\/v2\/types\/page"}],"author":[{"embeddable":true,"href":"https:\/\/fundacionipna.org.ar\/it\/wp-json\/wp\/v2\/users\/1"}],"replies":[{"embeddable":true,"href":"https:\/\/fundacionipna.org.ar\/it\/wp-json\/wp\/v2\/comments?post=6393"}],"version-history":[{"count":13,"href":"https:\/\/fundacionipna.org.ar\/it\/wp-json\/wp\/v2\/pages\/6393\/revisions"}],"predecessor-version":[{"id":8616,"href":"https:\/\/fundacionipna.org.ar\/it\/wp-json\/wp\/v2\/pages\/6393\/revisions\/8616"}],"wp:attachment":[{"href":"https:\/\/fundacionipna.org.ar\/it\/wp-json\/wp\/v2\/media?parent=6393"}],"curies":[{"name":"wp","href":"https:\/\/api.w.org\/{rel}","templated":true}]}}