{"id":6359,"date":"2020-07-31T17:31:58","date_gmt":"2020-07-31T20:31:58","guid":{"rendered":"http:\/\/fundacionipna.org.ar\/?page_id=6359"},"modified":"2021-07-22T15:32:39","modified_gmt":"2021-07-22T18:32:39","slug":"convencion-internacional","status":"publish","type":"page","link":"https:\/\/fundacionipna.org.ar\/it\/convencion-internacional\/","title":{"rendered":"Convenci\u00f3n Internacional sobre los Derechos de las Personas con Discapacidad"},"content":{"rendered":"<div data-elementor-type=\"wp-page\"   data-elementor-id=\"6359\"  class=\"elementor elementor-6359\"  data-elementor-settings=\"[]\">\n\t\t\t\t\t\t<div class=\"elementor-inner\" >\n\t\t\t\t\t\t\t<div class=\"elementor-section-wrap\">\n\t\t\t\t\t\t\t<section data-particle_enable=\"false\"   data-particle-mobile-disabled=\"false\"   class=\"elementor-section elementor-top-section elementor-element elementor-element-6a47262 elementor-section-boxed elementor-section-height-default elementor-section-height-default\"   data-id=\"6a47262\"   data-element_type=\"section\"   data-settings=\"{&quot;background_background&quot;:&quot;classic&quot;}\">\n\t\t\t\t\t\t<div class=\"elementor-container elementor-column-gap-wider\">\n\t\t\t\t\t\t\t<div class=\"elementor-row\">\n\t\t\t\t\t<div class=\"elementor-column elementor-col-66 elementor-top-column elementor-element elementor-element-00d39e1\"   data-id=\"00d39e1\"  data-element_type=\"column\">\n\t\t\t<div class=\"elementor-column-wrap elementor-element-populated\">\n\t\t\t\t\t\t\t<div class=\"elementor-widget-wrap\">\n\t\t\t\t\t\t<div class=\"elementor-element elementor-element-9024814 elementor-widget elementor-widget-heading\"   data-id=\"9024814\"   data-element_type=\"widget\"   data-widget_type=\"heading.default\">\n\t\t\t\t<div class=\"elementor-widget-container\">\n\t\t\t<h2 class=\"elementor-heading-title elementor-size-default translation-block\">CONVENZIONE INTERNAZIONALE SUI DIRITTI DELLE PERSONE CON DISABILITA\u2019<\/h2>\t\t<\/div>\n\t\t\t\t<\/div>\n\t\t\t\t\t\t<\/div>\n\t\t\t\t\t<\/div>\n\t\t<\/div>\n\t\t\t\t<div class=\"elementor-column elementor-col-33 elementor-top-column elementor-element elementor-element-55c8f67\"   data-id=\"55c8f67\"   data-element_type=\"column\">\n\t\t\t<div class=\"elementor-column-wrap\">\n\t\t\t\t\t\t\t<div class=\"elementor-widget-wrap\">\n\t\t\t\t\t\t\t\t<\/div>\n\t\t\t\t\t<\/div>\n\t\t<\/div>\n\t\t\t\t\t\t\t\t<\/div>\n\t\t\t\t\t<\/div>\n\t\t<\/section>\n\t\t\t\t<section data-particle_enable=\"false\"   data-particle-mobile-disabled=\"false\"   class=\"elementor-section elementor-top-section elementor-element elementor-element-6bf751d elementor-section-boxed elementor-section-height-default elementor-section-height-default\"   data-id=\"6bf751d\"   data-element_type=\"section\">\n\t\t\t\t\t\t<div class=\"elementor-container elementor-column-gap-wider\">\n\t\t\t\t\t\t\t<div class=\"elementor-row\">\n\t\t\t\t\t<div class=\"elementor-column elementor-col-50 elementor-top-column elementor-element elementor-element-12e9f54\"   data-id=\"12e9f54\"  data-element_type=\"column\">\n\t\t\t<div class=\"elementor-column-wrap elementor-element-populated\">\n\t\t\t\t\t\t\t<div class=\"elementor-widget-wrap\">\n\t\t\t\t\t\t<div class=\"elementor-element elementor-element-c9615f6 elementor-widget elementor-widget-text-editor\"   data-id=\"c9615f6\"   data-element_type=\"widget\"   data-widget_type=\"text-editor.default\">\n\t\t\t\t<div class=\"elementor-widget-container\">\n\t\t\t\t\t<div class=\"elementor-text-editor elementor-clearfix\"><p>I diritti delle persone con disabilit\u00e0 sono dichiarati nella Convenzione internazionale, ratificata dall\u2019Assemblea Generale delle Nazioni Unite il 13 dicembre 2006 ed approvata dal nostro Paese nel maggio del 2008 con la legge 26.378. Con la sua approvazione, lo Stato argentino ha l\u2019obbligo di far rispettare i principi che promuove tale Convenzione.<\/p><p>La convenzione promuove un Modello Sociale di Disabilita\u2019 che considera la persona con una propria integrit\u00e0 fisica e morale, come soggetto con diritti e inserendola nel suo contesto familiare, comunitario e sociale.<\/p><p>Il testo della convenzione \u00e8 costituito da 50 articoli e un protocollo facoltativo con altri 18 articoli. In questi ultimi si spiegano le condizioni dell\u2019iter per le segnalazioni e le denunce individuali.<\/p><\/div>\n\t\t\t\t<\/div>\n\t\t\t\t<\/div>\n\t\t\t\t<div class=\"elementor-element elementor-element-19c763b elementor-widget elementor-widget-spacer\"   data-id=\"19c763b\"   data-element_type=\"widget\"   data-widget_type=\"spacer.default\">\n\t\t\t\t<div class=\"elementor-widget-container\">\n\t\t\t\t\t<div class=\"elementor-spacer\">\n\t\t\t<div class=\"elementor-spacer-inner\"><\/div>\n\t\t<\/div>\n\t\t\t\t<\/div>\n\t\t\t\t<\/div>\n\t\t\t\t<div class=\"elementor-element elementor-element-09b3bfa elementor-button-info elementor-align-center elementor-widget elementor-widget-button\"   data-id=\"09b3bfa\"   data-element_type=\"widget\"   data-widget_type=\"button.default\">\n\t\t\t\t<div class=\"elementor-widget-container\">\n\t\t\t\t\t<div class=\"elementor-button-wrapper\" >\n\t\t\t<a href=\"http:\/\/fundacionipna.org.ar\/it\/wp-content\/uploads\/2020\/11\/Convencion-Internacional-sobre-los-Derechos-de-las-Personas-con-Discapacidad.pdf\/\"   target=\"_blank\"   class=\"elementor-button-link elementor-button elementor-size-sm\"  role=\"button\">\n\t\t\t\t\t\t<span class=\"elementor-button-content-wrapper\">\n\t\t\t\t\t\t<span class=\"elementor-button-icon elementor-align-icon-left\">\n\t\t\t\t<i aria-hidden=\"true\"  class=\"fas fa-download\"><\/i>\t\t\t<\/span>\n\t\t\t\t\t\t<span class=\"elementor-button-text\">SCARICA | La convenzione internazionale per i diritti delle persone con disabilit\u00e0<\/span>\n\t\t<\/span>\n\t\t\t\t\t<\/a>\n\t\t<\/div>\n\t\t\t\t<\/div>\n\t\t\t\t<\/div>\n\t\t\t\t\t\t<\/div>\n\t\t\t\t\t<\/div>\n\t\t<\/div>\n\t\t\t\t<div class=\"elementor-column elementor-col-50 elementor-top-column elementor-element elementor-element-678c956\"   data-id=\"678c956\"   data-element_type=\"column\">\n\t\t\t<div class=\"elementor-column-wrap elementor-element-populated\">\n\t\t\t\t\t\t\t<div class=\"elementor-widget-wrap\">\n\t\t\t\t\t\t<div class=\"elementor-element elementor-element-9e1b475 elementor-aspect-ratio-169 elementor-widget elementor-widget-video\"   data-id=\"9e1b475\"   data-element_type=\"widget\"   data-settings=\"{&quot;aspect_ratio&quot;:&quot;169&quot;}\"   data-widget_type=\"video.default\">\n\t\t\t\t<div class=\"elementor-widget-container\">\n\t\t\t\t\t<div class=\"elementor-wrapper elementor-fit-aspect-ratio elementor-open-inline\">\n\t\t\t<iframe class=\"elementor-video-iframe\"   allowfullscreen title=\"youtube Video Player\"   src=\"https:\/\/www.youtube.com\/embed\/2lzm4cbemDc?feature=oembed&start&end&wmode=opaque&loop=0&controls=1&mute=0&rel=0&modestbranding=0\"><\/iframe>\t\t<\/div>\n\t\t\t\t<\/div>\n\t\t\t\t<\/div>\n\t\t\t\t<div class=\"elementor-element elementor-element-443cc4b elementor-aspect-ratio-169 elementor-widget elementor-widget-video\"   data-id=\"443cc4b\"   data-element_type=\"widget\"   data-settings=\"{&quot;aspect_ratio&quot;:&quot;169&quot;}\"   data-widget_type=\"video.default\">\n\t\t\t\t<div class=\"elementor-widget-container\">\n\t\t\t\t\t<div class=\"elementor-wrapper elementor-fit-aspect-ratio elementor-open-inline\">\n\t\t\t\t\t<video class=\"elementor-video\"   src=\"https:\/\/fundacionipna.org.ar\/wp-content\/uploads\/2021\/07\/TRAILER-IPNA-UNICEF_1.mp4\"  controls=\"\" controlslist=\"nodownload\"><\/video>\n\t\t\t\t<\/div>\n\t\t\t\t<\/div>\n\t\t\t\t<\/div>\n\t\t\t\t\t\t<\/div>\n\t\t\t\t\t<\/div>\n\t\t<\/div>\n\t\t\t\t\t\t\t\t<\/div>\n\t\t\t\t\t<\/div>\n\t\t<\/section>\n\t\t\t\t\t\t<\/div>\n\t\t\t\t\t\t<\/div>\n\t\t\t\t\t<\/div>","protected":false},"excerpt":{"rendered":"<p>Convenci\u00f3n Internacional sobre los Derechos de las Personas con Discapacidad Los Derechos de las personas con discapacidad est\u00e1n proclamados en la Convenci\u00f3n Internacional, aprobada por la Asamblea General de las Naciones Unidas el 13 de diciembre de 2006 y ratificada por nuestro pa\u00eds en mayo de 2008 por la Ley 26.378. Con esta ratificaci\u00f3n el [&hellip;]<\/p>","protected":false},"author":1,"featured_media":0,"parent":0,"menu_order":0,"comment_status":"closed","ping_status":"closed","template":"","meta":{"footnotes":""},"_links":{"self":[{"href":"https:\/\/fundacionipna.org.ar\/it\/wp-json\/wp\/v2\/pages\/6359"}],"collection":[{"href":"https:\/\/fundacionipna.org.ar\/it\/wp-json\/wp\/v2\/pages"}],"about":[{"href":"https:\/\/fundacionipna.org.ar\/it\/wp-json\/wp\/v2\/types\/page"}],"author":[{"embeddable":true,"href":"https:\/\/fundacionipna.org.ar\/it\/wp-json\/wp\/v2\/users\/1"}],"replies":[{"embeddable":true,"href":"https:\/\/fundacionipna.org.ar\/it\/wp-json\/wp\/v2\/comments?post=6359"}],"version-history":[{"count":36,"href":"https:\/\/fundacionipna.org.ar\/it\/wp-json\/wp\/v2\/pages\/6359\/revisions"}],"predecessor-version":[{"id":8621,"href":"https:\/\/fundacionipna.org.ar\/it\/wp-json\/wp\/v2\/pages\/6359\/revisions\/8621"}],"wp:attachment":[{"href":"https:\/\/fundacionipna.org.ar\/it\/wp-json\/wp\/v2\/media?parent=6359"}],"curies":[{"name":"wp","href":"https:\/\/api.w.org\/{rel}","templated":true}]}}