{"id":6255,"date":"2020-07-31T01:36:49","date_gmt":"2020-07-31T04:36:49","guid":{"rendered":"http:\/\/fundacionipna.org.ar\/?page_id=6255"},"modified":"2021-07-22T15:28:17","modified_gmt":"2021-07-22T18:28:17","slug":"donde-estamos","status":"publish","type":"page","link":"https:\/\/fundacionipna.org.ar\/it\/donde-estamos\/","title":{"rendered":"Dove Siamo"},"content":{"rendered":"<div data-elementor-type=\"wp-page\"  data-elementor-id=\"6255\"  class=\"elementor elementor-6255\"  data-elementor-settings=\"[]\">\n\t\t\t\t\t\t<div class=\"elementor-inner\">\n\t\t\t\t\t\t\t<div class=\"elementor-section-wrap\">\n\t\t\t\t\t\t\t<section data-particle_enable=\"false\"   data-particle-mobile-disabled=\"false\"   class=\"elementor-section elementor-top-section elementor-element elementor-element-4c8f45a elementor-section-boxed elementor-section-height-default elementor-section-height-default\"   data-id=\"4c8f45a\" data-element_type=\"section\">\n\t\t\t\t\t\t<div class=\"elementor-container elementor-column-gap-default\">\n\t\t\t\t\t\t\t<div class=\"elementor-row\">\n\t\t\t\t\t<div class=\"elementor-column elementor-col-50 elementor-top-column elementor-element elementor-element-ee2c253\"   data-id=\"ee2c253\"   data-element_type=\"column\">\n\t\t\t<div class=\"elementor-column-wrap elementor-element-populated\">\n\t\t\t\t\t\t\t<div class=\"elementor-widget-wrap\">\n\t\t\t\t\t\t<div class=\"elementor-element elementor-element-bd1a5dd elementor-position-left elementor-widget__width-auto elementor-widget-tablet__width-auto elementor-vertical-align-top elementor-widget elementor-widget-gt3-core-imagebox\"   data-id=\"bd1a5dd\"   data-element_type=\"widget\"   data-widget_type=\"gt3-core-imagebox.default\">\n\t\t\t\t<div class=\"elementor-widget-container\">\n\t\t\t<div class=\"gt3-core-imagebox-wrapper elementor-image_icon-position-default\"><figure class=\"gt3-core-imagebox-img\"><img loading=\"lazy\"   decoding=\"async\"   width=\"76\"   height=\"74\"   src=\"https:\/\/fundacionipna.org.ar\/wp-content\/uploads\/2021\/07\/iconubicacion.png\"   class=\"attachment-full size-full\"  alt=\"\" title=\"\" \/><\/figure><\/div>\t\t<\/div>\n\t\t\t\t<\/div>\n\t\t\t\t<div class=\"elementor-element-custom_font_size elementor-element elementor-element-23df229 elementor-widget elementor-widget-text-editor\"   data-id=\"23df229\"   data-element_type=\"widget\"   data-widget_type=\"text-editor.default\">\n\t\t\t\t<div class=\"elementor-widget-container\">\n\t\t\t\t\t<div class=\"elementor-text-editor elementor-clearfix\"><p><span style=\"color: #ff6600;\"  ><b>SEDE CIUDAD DE BUENOS AIRES<\/b><\/span><\/p><p><strong>Centro Educativo Terapeutico<\/strong><br \/><a href=\"https:\/\/goo.gl\/maps\/inFt2oigDS5NBuSH6\">J. F. Aranguren 1551<\/a> (1406)<br \/>Tel\/Fax: (5411) 4431-3572 <br \/>Tel\/Fax: (5411) 4433-2155<br \/>info@fundacionipna.org.ar<\/p><\/div>\n\t\t\t\t<\/div>\n\t\t\t\t<\/div>\n\t\t\t\t<div class=\"elementor-element elementor-element-2c054cd elementor-widget elementor-widget-html\"   data-id=\"2c054cd\"   data-element_type=\"widget\"   data-widget_type=\"html.default\">\n\t\t\t\t<div class=\"elementor-widget-container\">\n\t\t\t<iframe loading=\"lazy\"   src=\"https:\/\/www.google.com\/maps\/embed?pb=!1m18!1m12!1m3!1d3283.4148888799427!2d-58.456123285148436!3d-34.61895436581068!2m3!1f0!2f0!3f0!3m2!1i1024!2i768!4f13.1!3m3!1m2!1s0x95bcca228f0d2aa9%3A0x1505588fb2fbcafc!2sDr.%20Juan%20Felipe%20Aranguren%201551%2C%20C1406%20FWA%2C%20Buenos%20Aires!5e0!3m2!1ses!2sar!4v1598473303324!5m2!1ses!2sar\"   width=\"600\"   height=\"400\"   frameborder=\"0\"   style=\"border:0;\"   allowfullscreen=\"\"   aria-hidden=\"false\" tabindex=\"0\"><\/iframe>\t\t<\/div>\n\t\t\t\t<\/div>\n\t\t\t\t\t\t<\/div>\n\t\t\t\t\t<\/div>\n\t\t<\/div>\n\t\t\t\t<div class=\"elementor-column elementor-col-50 elementor-top-column elementor-element elementor-element-5619bcc\"   data-id=\"5619bcc\"   data-element_type=\"column\">\n\t\t\t<div class=\"elementor-column-wrap elementor-element-populated\">\n\t\t\t\t\t\t\t<div class=\"elementor-widget-wrap\">\n\t\t\t\t\t\t<div class=\"elementor-element elementor-element-deb5533 elementor-position-left elementor-widget__width-auto elementor-widget-tablet__width-auto elementor-vertical-align-top elementor-widget elementor-widget-gt3-core-imagebox\"   data-id=\"deb5533\"   data-element_type=\"widget\"   data-widget_type=\"gt3-core-imagebox.default\">\n\t\t\t\t<div class=\"elementor-widget-container\">\n\t\t\t<div class=\"gt3-core-imagebox-wrapper elementor-image_icon-position-default\"><figure class=\"gt3-core-imagebox-img\"><img loading=\"lazy\"   decoding=\"async\"   width=\"76\"   height=\"74\"   src=\"https:\/\/fundacionipna.org.ar\/wp-content\/uploads\/2021\/07\/iconubicacion.png\"   class=\"attachment-full size-full\"  alt=\"\"  title=\"\" \/><\/figure><\/div>\t\t<\/div>\n\t\t\t\t<\/div>\n\t\t\t\t<div class=\"elementor-element-custom_font_size elementor-element elementor-element-12f96d1 elementor-widget elementor-widget-text-editor\"   data-id=\"12f96d1\"   data-element_type=\"widget\"   data-widget_type=\"text-editor.default\">\n\t\t\t\t<div class=\"elementor-widget-container\">\n\t\t\t\t\t<div class=\"elementor-text-editor elementor-clearfix\"><p><span style=\"color: #ff6600;\" ><b>SEDE CA\u00d1UELAS &#8211; PROV. DE BUENOS AIRES<\/b><\/span><\/p><p><span style=\"color: #1c1c1c;\"><strong>Centro Diurno<\/strong><\/span><br \/><span style=\"color: #1c1c1c;\" ><a href=\"https:\/\/goo.gl\/maps\/Ric99jLaARipQYMf7\"   style=\"color: #1c1c1c;\">Alejandro Magno 1495<\/a><br \/>Alejandro Peti\u00f3n (1811)<\/span><br \/><span style=\"color: #1c1c1c;\">Tel\/Fax: (02226) 492 236<\/span><br \/><span style=\"color: #1c1c1c;\">centrodediapetion@fundacionipna.org.ar<\/span><\/p><\/div>\n\t\t\t\t<\/div>\n\t\t\t\t<\/div>\n\t\t\t\t<div class=\"elementor-element elementor-element-71f0d86 elementor-widget elementor-widget-html\"   data-id=\"71f0d86\"   data-element_type=\"widget\"   data-widget_type=\"html.default\">\n\t\t\t\t<div class=\"elementor-widget-container\">\n\t\t\t<iframe loading=\"lazy\"   src=\"https:\/\/www.google.com\/maps\/embed?pb=!1m18!1m12!1m3!1d3269.1060578515317!2d-58.68273628476033!3d-34.979008080364046!2m3!1f0!2f0!3f0!3m2!1i1024!2i768!4f13.1!3m3!1m2!1s0x0%3A0x7b826cb86dd59c7e!2sFundaci%C3%B3n%20IPNA!5e0!3m2!1ses!2sar!4v1598472986863!5m2!1ses!2sar\"   width=\"600\"   height=\"400\"   frameborder=\"0\"   style=\"border:0;\"   allowfullscreen=\"\"  aria-hidden=\"false\" tabindex=\"0\"><\/iframe>\t\t<\/div>\n\t\t\t\t<\/div>\n\t\t\t\t\t\t<\/div>\n\t\t\t\t\t<\/div>\n\t\t<\/div>\n\t\t\t\t\t\t\t\t<\/div>\n\t\t\t\t\t<\/div>\n\t\t<\/section>\n\t\t\t\t<section data-particle_enable=\"false\"   data-particle-mobile-disabled=\"false\"   class=\"elementor-section elementor-top-section elementor-element elementor-element-8f4751d elementor-section-boxed elementor-section-height-default elementor-section-height-default\"   data-id=\"8f4751d\"   data-element_type=\"section\"   data-settings=\"{&quot;background_background&quot;:&quot;classic&quot;}\">\n\t\t\t\t\t\t<div class=\"elementor-container elementor-column-gap-default\">\n\t\t\t\t\t\t\t<div class=\"elementor-row\">\n\t\t\t\t\t<div class=\"elementor-column elementor-col-100 elementor-top-column elementor-element elementor-element-ddfaa13\"   data-id=\"ddfaa13\"  data-element_type=\"column\">\n\t\t\t<div class=\"elementor-column-wrap elementor-element-populated\">\n\t\t\t\t\t\t\t<div class=\"elementor-widget-wrap\">\n\t\t\t\t\t\t<div class=\"elementor-element elementor-element-d2f2b70 elementor-widget-divider--view-line elementor-widget elementor-widget-divider\"   data-id=\"d2f2b70\"   data-element_type=\"widget\"  data-widget_type=\"divider.default\">\n\t\t\t\t<div class=\"elementor-widget-container\">\n\t\t\t\t\t<div class=\"elementor-divider\">\n\t\t\t<span class=\"elementor-divider-separator\">\n\t\t\t\t\t\t<\/span>\n\t\t<\/div>\n\t\t\t\t<\/div>\n\t\t\t\t<\/div>\n\t\t\t\t<section data-particle_enable=\"false\"   data-particle-mobile-disabled=\"false\"   class=\"elementor-section elementor-inner-section elementor-element elementor-element-b358277 elementor-section-boxed elementor-section-height-default elementor-section-height-default\"   data-id=\"b358277\"   data-element_type=\"section\">\n\t\t\t\t\t\t<div class=\"elementor-container elementor-column-gap-extended\">\n\t\t\t\t\t\t\t<div class=\"elementor-row\">\n\t\t\t\t\t<div class=\"elementor-column elementor-col-25 elementor-inner-column elementor-element elementor-element-5f5f5c7\"   data-id=\"5f5f5c7\"  data-element_type=\"column\">\n\t\t\t<div class=\"elementor-column-wrap\">\n\t\t\t\t\t\t\t<div class=\"elementor-widget-wrap\">\n\t\t\t\t\t\t\t\t<\/div>\n\t\t\t\t\t<\/div>\n\t\t<\/div>\n\t\t\t\t<div class=\"elementor-column elementor-col-25 elementor-inner-column elementor-element elementor-element-86bf28d\"   data-id=\"86bf28d\"   data-element_type=\"column\">\n\t\t\t<div class=\"elementor-column-wrap elementor-element-populated\">\n\t\t\t\t\t\t\t<div class=\"elementor-widget-wrap\" >\n\t\t\t\t\t\t<div class=\"elementor-element elementor-element-d33f7a1 elementor-widget elementor-widget-spacer\"   data-id=\"d33f7a1\"   data-element_type=\"widget\"   data-widget_type=\"spacer.default\">\n\t\t\t\t<div class=\"elementor-widget-container\">\n\t\t\t\t\t<div class=\"elementor-spacer\">\n\t\t\t<div class=\"elementor-spacer-inner\"><\/div>\n\t\t<\/div>\n\t\t\t\t<\/div>\n\t\t\t\t<\/div>\n\t\t\t\t\t\t<\/div>\n\t\t\t\t\t<\/div>\n\t\t<\/div>\n\t\t\t\t<div class=\"elementor-column elementor-col-25 elementor-inner-column elementor-element elementor-element-710fcbd\"   data-id=\"710fcbd\"   data-element_type=\"column\">\n\t\t\t<div class=\"elementor-column-wrap elementor-element-populated\">\n\t\t\t\t\t\t\t<div class=\"elementor-widget-wrap\">\n\t\t\t\t\t\t<div class=\"elementor-element elementor-element-3182bcc elementor-widget elementor-widget-spacer\"   data-id=\"3182bcc\"   data-element_type=\"widget\"   data-widget_type=\"spacer.default\">\n\t\t\t\t<div class=\"elementor-widget-container\">\n\t\t\t\t\t<div class=\"elementor-spacer\">\n\t\t\t<div class=\"elementor-spacer-inner\"><\/div>\n\t\t<\/div>\n\t\t\t\t<\/div>\n\t\t\t\t<\/div>\n\t\t\t\t\t\t<\/div>\n\t\t\t\t\t<\/div>\n\t\t<\/div>\n\t\t\t\t<div class=\"elementor-column elementor-col-25 elementor-inner-column elementor-element elementor-element-cafac8a\"   data-id=\"cafac8a\"   data-element_type=\"column\">\n\t\t\t<div class=\"elementor-column-wrap\">\n\t\t\t\t\t\t\t<div class=\"elementor-widget-wrap\">\n\t\t\t\t\t\t\t\t<\/div>\n\t\t\t\t\t<\/div>\n\t\t<\/div>\n\t\t\t\t\t\t\t\t<\/div>\n\t\t\t\t\t<\/div>\n\t\t<\/section>\n\t\t\t\t\t\t<\/div>\n\t\t\t\t\t<\/div>\n\t\t<\/div>\n\t\t\t\t\t\t\t\t<\/div>\n\t\t\t\t\t<\/div>\n\t\t<\/section>\n\t\t\t\t\t\t<\/div>\n\t\t\t\t\t\t<\/div>\n\t\t\t\t\t<\/div>","protected":false},"excerpt":{"rendered":"<p>SEDE CIUDAD DE BUENOS AIRES Centro Educativo Terap\u00e9uticoJ. F. Aranguren 1551 (1406)Tel\/Fax: (5411) 4431-3572 Tel\/Fax: (5411) 4433-2155info@fundacionipna.org.ar SEDE CA\u00d1UELAS &#8211; PROV. DE BUENOS AIRES Centro de D\u00edaAlejandro Magno 1495Alejandro Peti\u00f3n (1811)Tel\/Fax: (02226) 492 236centrodediapetion@fundacionipna.org.ar<\/p>","protected":false},"author":1,"featured_media":0,"parent":0,"menu_order":0,"comment_status":"closed","ping_status":"closed","template":"","meta":{"footnotes":""},"_links":{"self":[{"href":"https:\/\/fundacionipna.org.ar\/it\/wp-json\/wp\/v2\/pages\/6255"}],"collection":[{"href":"https:\/\/fundacionipna.org.ar\/it\/wp-json\/wp\/v2\/pages"}],"about":[{"href":"https:\/\/fundacionipna.org.ar\/it\/wp-json\/wp\/v2\/types\/page"}],"author":[{"embeddable":true,"href":"https:\/\/fundacionipna.org.ar\/it\/wp-json\/wp\/v2\/users\/1"}],"replies":[{"embeddable":true,"href":"https:\/\/fundacionipna.org.ar\/it\/wp-json\/wp\/v2\/comments?post=6255"}],"version-history":[{"count":11,"href":"https:\/\/fundacionipna.org.ar\/it\/wp-json\/wp\/v2\/pages\/6255\/revisions"}],"predecessor-version":[{"id":8613,"href":"https:\/\/fundacionipna.org.ar\/it\/wp-json\/wp\/v2\/pages\/6255\/revisions\/8613"}],"wp:attachment":[{"href":"https:\/\/fundacionipna.org.ar\/it\/wp-json\/wp\/v2\/media?parent=6255"}],"curies":[{"name":"wp","href":"https:\/\/api.w.org\/{rel}","templated":true}]}}