{"id":6252,"date":"2020-07-31T01:27:46","date_gmt":"2020-07-31T04:27:46","guid":{"rendered":"http:\/\/fundacionipna.org.ar\/?page_id=6252"},"modified":"2021-07-22T15:21:29","modified_gmt":"2021-07-22T18:21:29","slug":"nuestra-historia","status":"publish","type":"page","link":"https:\/\/fundacionipna.org.ar\/it\/nuestra-historia\/","title":{"rendered":"La Nostra Istoria"},"content":{"rendered":"<div data-elementor-type=\"wp-page\"  data-elementor-id=\"6252\"  class=\"elementor elementor-6252\"  data-elementor-settings=\"[]\">\n\t\t\t\t\t\t<div class=\"elementor-inner\">\n\t\t\t\t\t\t\t<div class=\"elementor-section-wrap\">\n\t\t\t\t\t\t\t<section data-particle_enable=\"false\"   data-particle-mobile-disabled=\"false\"   class=\"elementor-section elementor-top-section elementor-element elementor-element-e45aa95 elementor-section-boxed elementor-section-height-default elementor-section-height-default\"  data-id=\"e45aa95\" data-element_type=\"section\">\n\t\t\t\t\t\t<div class=\"elementor-container elementor-column-gap-wider\">\n\t\t\t\t\t\t\t<div class=\"elementor-row\">\n\t\t\t\t\t<div class=\"elementor-column elementor-col-50 elementor-top-column elementor-element elementor-element-1313d30\"   data-id=\"1313d30\"  data-element_type=\"column\">\n\t\t\t<div class=\"elementor-column-wrap elementor-element-populated\">\n\t\t\t\t\t\t\t<div class=\"elementor-widget-wrap\">\n\t\t\t\t\t\t<div class=\"elementor-element elementor-element-facf452 vertical_style-1 elementor-widget elementor-widget-gt3-core-processbar\"   data-id=\"facf452\"   data-element_type=\"widget\"   data-widget_type=\"gt3-core-processbar.default\">\n\t\t\t\t<div class=\"elementor-widget-container\">\n\t\t\t<div class=\"gt3_process_bar_container row gt3_process_bar_container--type-vertical\"><div class=\"gt3_process_item span12 elementor-repeater-item-1dd2555\"><div class=\"gt3_process_item__number\">1988<\/div><div class=\"gt3_process_item__circle_wrapp\">\n\t\t\t<div class=\"gt3_process_item__circle_line_before\"><\/div>\n\t\t\t<div class=\"gt3_process_item__circle gt3_process_item__circle--size_normal\"><\/div>\n\t\t\t<div class=\"gt3_process_item__circle_line_after\"><\/div>\n\t\t\t<\/div><div class=\"gt3_process_item__content\"><div class=\"gt3_process_item__content_wrapper\"><div class=\"gt3_process_item__heading\"><h3>Fondazione<\/h3><\/div><div class=\"gt3_process_item__description\">A partire dalla storia personale e dalle esperienze professionali di un gruppo di persone, interessate a lavorare per migliorare le condizioni di vita dei bambini con disabilit\u00e0, si inaugura la sede nel quartiere Caballito (Buenos Aires), con il proposito di promuovere servizi e prestazioni educative e terapeutiche a bambine e bambini con disabilit\u00e0 cognitiva.<\/div><\/div><\/div><\/div><div class=\"gt3_process_item span12 elementor-repeater-item-2127e59\"><div class=\"gt3_process_item__number\">1995<\/div><div class=\"gt3_process_item__circle_wrapp\">\n\t\t\t<div class=\"gt3_process_item__circle_line_before\"><\/div>\n\t\t\t<div class=\"gt3_process_item__circle gt3_process_item__circle--size_mini\"><\/div>\n\t\t\t<div class=\"gt3_process_item__circle_line_after\"><\/div>\n\t\t\t<\/div><div class=\"gt3_process_item__content\"><div class=\"gt3_process_item__content_wrapper\"><div class=\"gt3_process_item__heading\"><h3>Primo Programma dei Diritti<\/h3><\/div><div class=\"gt3_process_item__description\" >L\u2019 istituzione si apre alla Comunit\u00e0: iniziano i Programmi di Promozione dei Diritti delle persone con disabilit\u00e0 e di Prevenzione Primaria della Salute, diretti a distinti gruppi e Organizzazioni Sociali.<\/div><\/div><\/div><\/div><div class=\"gt3_process_item span12 elementor-repeater-item-7680693\"><div class=\"gt3_process_item__number\">1996<\/div><div class=\"gt3_process_item__circle_wrapp\">\n\t\t\t<div class=\"gt3_process_item__circle_line_before\"><\/div>\n\t\t\t<div class=\"gt3_process_item__circle gt3_process_item__circle--size_mini\"><\/div>\n\t\t\t<div class=\"gt3_process_item__circle_line_after\"><\/div>\n\t\t\t<\/div><div class=\"gt3_process_item__content\" ><div class=\"gt3_process_item__content_wrapper\"><div class=\"gt3_process_item__heading\"><h3>Primo Progetto Culturale<\/h3><\/div><div class=\"gt3_process_item__description\"  >Si organizza l\u2019incontro letterario \u201cCuentos para un Futuro con Esperanza\u201d, questo evento d\u00e0 il via all\u2019Area Culturale dell\u2019Istituzione, il cui principale obbiettivo \u00e8 generare spazi per dare voce e visibilit\u00e0 ai bambini e bambine con disabilit\u00e0, che promuovano la loro espressivit\u00e0.<\/div><\/div><\/div><\/div><div class=\"gt3_process_item span12 elementor-repeater-item-29e0a99\"><div class=\"gt3_process_item__number\">2000<\/div><div class=\"gt3_process_item__circle_wrapp\">\n\t\t\t<div class=\"gt3_process_item__circle_line_before\"><\/div>\n\t\t\t<div class=\"gt3_process_item__circle gt3_process_item__circle--size_mini\"><\/div>\n\t\t\t<div class=\"gt3_process_item__circle_line_after\"><\/div>\n\t\t\t<\/div><div class=\"gt3_process_item__content\" ><div class=\"gt3_process_item__content_wrapper\"><div class=\"gt3_process_item__heading\"><h3>Costruzione della Sede di Ca\u00f1uelas<\/h3><\/div><div class=\"gt3_process_item__description\">Si costruisce un edificio su un terreno di 7 ettari, disegnato ed equipaggiato per persone con disabilit\u00e0. Iniziano i programmi di formazione lavorativa (orto, giardinaggio e produzione di piantine) per giovani con disabilit\u00e0 cognitiva residenti in diverse zone di Canuelas.<\/div><\/div><\/div><\/div><div class=\"gt3_process_item span12 elementor-repeater-item-50cdc47\"><div class=\"gt3_process_item__number\">2002<\/div><div class=\"gt3_process_item__circle_wrapp\">\n\t\t\t<div class=\"gt3_process_item__circle_line_before\"><\/div>\n\t\t\t<div class=\"gt3_process_item__circle gt3_process_item__circle--size_mini\"><\/div>\n\t\t\t<div class=\"gt3_process_item__circle_line_after\"><\/div>\n\t\t\t<\/div><div class=\"gt3_process_item__content\"><div class=\"gt3_process_item__content_wrapper\"><div class=\"gt3_process_item__heading\"><h3>Inizio dei Progetti Produttivi e Comunitari<\/h3><\/div><div class=\"gt3_process_item__description\">A partire da un forte legame con la comunit\u00e0 di Alejandro Petion si implementano programmi di formazione diretti ai famigliari, con l\u2019obbiettivo di sviluppo di propri orti per migliorare l\u2019economia domestica della famiglia e ottenere alimenti organici di buona qualit\u00e0.<\/div><\/div><\/div><\/div><div class=\"gt3_process_item span12 elementor-repeater-item-611f891\"><div class=\"gt3_process_item__number\">2010<\/div><div class=\"gt3_process_item__circle_wrapp\">\n\t\t\t<div class=\"gt3_process_item__circle_line_before\"><\/div>\n\t\t\t<div class=\"gt3_process_item__circle gt3_process_item__circle--size_e_large\"><\/div>\n\t\t\t<div class=\"gt3_process_item__circle_line_after\"><\/div>\n\t\t\t<\/div><div class=\"gt3_process_item__content\" ><div class=\"gt3_process_item__content_wrapper\"><div class=\"gt3_process_item__heading\"><h3>Creazione del Centro Diurno<\/h3><\/div><div class=\"gt3_process_item__description\">Si inaugura il Centro Diurno nella localit\u00e0 di Alejandro Petion, destinato allo sviluppo di attivit\u00e0 occupazionali, ricreative e di inclusione per giovani con disabilit\u00e0.<\/div><\/div><\/div><\/div><div class=\"gt3_process_item span12 elementor-repeater-item-49d909d\"  ><div class=\"gt3_process_item__number\">2013<\/div><div class=\"gt3_process_item__circle_wrapp\">\n\t\t\t<div class=\"gt3_process_item__circle_line_before\"><\/div>\n\t\t\t<div class=\"gt3_process_item__circle gt3_process_item__circle--size_mini\"><\/div>\n\t\t\t<div class=\"gt3_process_item__circle_line_after\"><\/div>\n\t\t\t<\/div><div class=\"gt3_process_item__content\"><div class=\"gt3_process_item__content_wrapper\"><div class=\"gt3_process_item__heading\"><h3>Centro di Formazione Lavoratorio<\/h3><\/div><div class=\"gt3_process_item__description\">Grazie all\u2019apporto dell\u2019Ambasciata Giapponese si concretizza la costruzione di un centro di formazione lavorativa nella sede di Canuelas, finalizzato a programmi di formazione professionale e di micro \u2013 imprendimento per giovani con disabilit\u00e0.<\/div><\/div><\/div><\/div><div class=\"gt3_process_item span12 elementor-repeater-item-e1cc60f\" ><div class=\"gt3_process_item__number\">2014<\/div><div class=\"gt3_process_item__circle_wrapp\">\n\t\t\t<div class=\"gt3_process_item__circle_line_before\"><\/div>\n\t\t\t<div class=\"gt3_process_item__circle gt3_process_item__circle--size_mini\"><\/div>\n\t\t\t<div class=\"gt3_process_item__circle_line_after\"><\/div>\n\t\t\t<\/div><div class=\"gt3_process_item__content\"><div class=\"gt3_process_item__content_wrapper\"><div class=\"gt3_process_item__heading\"><h3>Programma di Diritti in Altre Province<\/h3><\/div><div class=\"gt3_process_item__description\">L\u2019istituzione amplia e moltiplica la sua azione di promozione dei diritti in altre province a partire dall\u2019appoggio di UNICEF per lo sviluppo di progetti di formazione destinati a distinti gruppi: mamme, insegnanti, familiari ed equip\u00e8 professionali.<\/div><\/div><\/div><\/div><\/div>\t\t<\/div>\n\t\t\t\t<\/div>\n\t\t\t\t\t\t<\/div>\n\t\t\t\t\t<\/div>\n\t\t<\/div>\n\t\t\t\t<div class=\"elementor-column elementor-col-50 elementor-top-column elementor-element elementor-element-f7c32b0\"   data-id=\"f7c32b0\"   data-element_type=\"column\">\n\t\t\t<div class=\"elementor-column-wrap elementor-element-populated\">\n\t\t\t\t\t\t\t<div class=\"elementor-widget-wrap\" >\n\t\t\t\t\t\t<div class=\"elementor-element elementor-element-a1c87d6 elementor-aspect-ratio-169 elementor-widget elementor-widget-video\"   data-id=\"a1c87d6\"   data-element_type=\"widget\"   data-settings=\"{&quot;aspect_ratio&quot;:&quot;169&quot;}\"   data-widget_type=\"video.default\">\n\t\t\t\t<div class=\"elementor-widget-container\">\n\t\t\t\t\t<div class=\"elementor-wrapper elementor-fit-aspect-ratio elementor-open-inline\">\n\t\t\t<iframe class=\"elementor-video-iframe\"   allowfullscreen title=\"youtube Video Player\"   src=\"https:\/\/www.youtube.com\/embed\/2lzm4cbemDc?feature=oembed&start&end&wmode=opaque&loop=0&controls=1&mute=0&rel=0&modestbranding=0\"><\/iframe>\t\t<\/div>\n\t\t\t\t<\/div>\n\t\t\t\t<\/div>\n\t\t\t\t<div class=\"elementor-element elementor-element-70ca7d4 elementor-aspect-ratio-169 elementor-widget elementor-widget-video\"   data-id=\"70ca7d4\"   data-element_type=\"widget\"   data-settings=\"{&quot;aspect_ratio&quot;:&quot;169&quot;}\"   data-widget_type=\"video.default\">\n\t\t\t\t<div class=\"elementor-widget-container\">\n\t\t\t\t\t<div class=\"elementor-wrapper elementor-fit-aspect-ratio elementor-open-inline\">\n\t\t\t\t\t<video class=\"elementor-video\"   src=\"https:\/\/fundacionipna.org.ar\/wp-content\/uploads\/2021\/07\/TRAILER-IPNA-UNICEF_1.mp4\"  controls=\"\" controlslist=\"nodownload\"><\/video>\n\t\t\t\t<\/div>\n\t\t\t\t<\/div>\n\t\t\t\t<\/div>\n\t\t\t\t\t\t<\/div>\n\t\t\t\t\t<\/div>\n\t\t<\/div>\n\t\t\t\t\t\t\t\t<\/div>\n\t\t\t\t\t<\/div>\n\t\t<\/section>\n\t\t\t\t\t\t<\/div>\n\t\t\t\t\t\t<\/div>\n\t\t\t\t\t<\/div>","protected":false},"excerpt":{"rendered":"<p>1988 Fundaci\u00f3n A partir de vivencias personales y experiencias profesionales de un grupo de personas interesadas en trabajar para mejorar las condiciones de vida de los ni\u00f1os con discapacidad, se inaugura la sede de la instituci\u00f3n en el barrio de Caballito con el prop\u00f3sito de brindar servicios y prestaciones educativas y terap\u00e9uticas a ni\u00f1os y [&hellip;]<\/p>","protected":false},"author":1,"featured_media":0,"parent":0,"menu_order":0,"comment_status":"closed","ping_status":"closed","template":"","meta":{"footnotes":""},"_links":{"self":[{"href":"https:\/\/fundacionipna.org.ar\/it\/wp-json\/wp\/v2\/pages\/6252"}],"collection":[{"href":"https:\/\/fundacionipna.org.ar\/it\/wp-json\/wp\/v2\/pages"}],"about":[{"href":"https:\/\/fundacionipna.org.ar\/it\/wp-json\/wp\/v2\/types\/page"}],"author":[{"embeddable":true,"href":"https:\/\/fundacionipna.org.ar\/it\/wp-json\/wp\/v2\/users\/1"}],"replies":[{"embeddable":true,"href":"https:\/\/fundacionipna.org.ar\/it\/wp-json\/wp\/v2\/comments?post=6252"}],"version-history":[{"count":18,"href":"https:\/\/fundacionipna.org.ar\/it\/wp-json\/wp\/v2\/pages\/6252\/revisions"}],"predecessor-version":[{"id":8601,"href":"https:\/\/fundacionipna.org.ar\/it\/wp-json\/wp\/v2\/pages\/6252\/revisions\/8601"}],"wp:attachment":[{"href":"https:\/\/fundacionipna.org.ar\/it\/wp-json\/wp\/v2\/media?parent=6252"}],"curies":[{"name":"wp","href":"https:\/\/api.w.org\/{rel}","templated":true}]}}