{"id":6381,"date":"2020-07-31T19:36:14","date_gmt":"2020-07-31T22:36:14","guid":{"rendered":"http:\/\/fundacionipna.org.ar\/?page_id=6381"},"modified":"2021-07-22T15:29:38","modified_gmt":"2021-07-22T18:29:38","slug":"certificado-unico-de-discapacidad-cud","status":"publish","type":"page","link":"https:\/\/fundacionipna.org.ar\/en\/certificado-unico-de-discapacidad-cud\/","title":{"rendered":"Disability Certificate (CUD)"},"content":{"rendered":"<div data-elementor-type=\"wp-page\"   data-elementor-id=\"6381\"   class=\"elementor elementor-6381\"  data-elementor-settings=\"[]\">\n\t\t\t\t\t\t<div class=\"elementor-inner\">\n\t\t\t\t\t\t\t<div class=\"elementor-section-wrap\">\n\t\t\t\t\t\t\t<section data-particle_enable=\"false\"   data-particle-mobile-disabled=\"false\"   class=\"elementor-section elementor-top-section elementor-element elementor-element-a5eb978 elementor-section-boxed elementor-section-height-default elementor-section-height-default\"   data-id=\"a5eb978\" data-element_type=\"section\">\n\t\t\t\t\t\t<div class=\"elementor-container elementor-column-gap-wider\">\n\t\t\t\t\t\t\t<div class=\"elementor-row\">\n\t\t\t\t\t<div class=\"elementor-column elementor-col-50 elementor-top-column elementor-element elementor-element-b19250a\"   data-id=\"b19250a\"   data-element_type=\"column\">\n\t\t\t<div class=\"elementor-column-wrap elementor-element-populated\">\n\t\t\t\t\t\t\t<div class=\"elementor-widget-wrap\">\n\t\t\t\t\t\t<div class=\"elementor-element-custom_font_family elementor-element-custom_font_weight elementor-element elementor-element-6d89a6f elementor-widget elementor-widget-text-editor\"   data-id=\"6d89a6f\"   data-element_type=\"widget\"   data-widget_type=\"text-editor.default\">\n\t\t\t\t<div class=\"elementor-widget-container\">\n\t\t\t\t\t<div class=\"elementor-text-editor elementor-clearfix\"><p class=\" translation-block\">The Disability Certificate (CUD) is a public document of national validity, free, of voluntary management and issued by an interdisciplinary Evaluation Board that certifies the disability of a person. It is a very important tool that allows you to exercise the Rights established in Laws 22,431 and 24,901 that contemplate all benefits and support systems for people with disabilities. It is a personal document, therefore, in the event of its loss, the complaint must be made immediately and contact the corresponding Evaluation Board, according to the owner's address, to process a new certificate.<\/p><\/div>\n\t\t\t\t<\/div>\n\t\t\t\t<\/div>\n\t\t\t\t<div class=\"elementor-element-custom_font_family elementor-element-custom_font_weight elementor-element elementor-element-a3c3c8d elementor-widget elementor-widget-text-editor\"   data-id=\"a3c3c8d\"   data-element_type=\"widget\"   data-widget_type=\"text-editor.default\">\n\t\t\t\t<div class=\"elementor-widget-container\">\n\t\t\t\t\t<div class=\"elementor-text-editor elementor-clearfix\">The CUD enables access to:<\/div>\n\t\t\t\t<\/div>\n\t\t\t\t<\/div>\n\t\t\t\t<section data-particle_enable=\"false\"   data-particle-mobile-disabled=\"false\"   class=\"elementor-section elementor-inner-section elementor-element elementor-element-7ab22d1 elementor-section-boxed elementor-section-height-default elementor-section-height-default\"   data-id=\"7ab22d1\"   data-element_type=\"section\">\n\t\t\t\t\t\t<div class=\"elementor-container elementor-column-gap-default\">\n\t\t\t\t\t\t\t<div class=\"elementor-row\">\n\t\t\t\t\t<div class=\"elementor-column elementor-col-50 elementor-inner-column elementor-element elementor-element-ef0bdec\"   data-id=\"ef0bdec\"  data-element_type=\"column\">\n\t\t\t<div class=\"elementor-column-wrap elementor-element-populated\">\n\t\t\t\t\t\t\t<div class=\"elementor-widget-wrap\">\n\t\t\t\t\t\t<div class=\"elementor-element elementor-element-41367b9 elementor-icon-list--layout-traditional elementor-list-item-link-full_width elementor-widget elementor-widget-icon-list\"   data-id=\"41367b9\"   data-element_type=\"widget\"   data-widget_type=\"icon-list.default\">\n\t\t\t\t<div class=\"elementor-widget-container\">\n\t\t\t\t\t<ul class=\"elementor-icon-list-items\">\n\t\t\t\t\t\t\t<li class=\"elementor-icon-list-item\">\n\t\t\t\t\t\t\t\t\t\t\t<span class=\"elementor-icon-list-icon\">\n\t\t\t\t\t\t\t<i aria-hidden=\"true\" class=\"fas fa-check\"><\/i>\t\t\t\t\t\t<\/span>\n\t\t\t\t\t\t\t\t\t\t<span class=\"elementor-icon-list-text\">ANSES family allowances (Law 22,431, Art. 14)<\/span>\n\t\t\t\t\t\t\t\t\t<\/li>\n\t\t\t\t\t\t\t\t<li class=\"elementor-icon-list-item\">\n\t\t\t\t\t\t\t\t\t\t\t<span class=\"elementor-icon-list-icon\">\n\t\t\t\t\t\t\t<i aria-hidden=\"true\"  class=\"fas fa-check\"><\/i>\t\t\t\t\t\t<\/span>\n\t\t\t\t\t\t\t\t\t\t<span class=\"elementor-icon-list-text\">Full coverage of basic habilitation and rehabilitation in union healthcare, private health insurance companies and the federal program \u201cInclude Health\u201d (Law 24,901)<\/span>\n\t\t\t\t\t\t\t\t\t<\/li>\n\t\t\t\t\t\t\t\t<li class=\"elementor-icon-list-item\">\n\t\t\t\t\t\t\t\t\t\t\t<span class=\"elementor-icon-list-icon\">\n\t\t\t\t\t\t\t<i aria-hidden=\"true\"  class=\"fas fa-check\"><\/i>\t\t\t\t\t\t<\/span>\n\t\t\t\t\t\t\t\t\t\t<span class=\"elementor-icon-list-text\">Comprehensive medication coverage (Law No. 23,661, art. 28).<\/span>\n\t\t\t\t\t\t\t\t\t<\/li>\n\t\t\t\t\t\t\t\t<li class=\"elementor-icon-list-item\">\n\t\t\t\t\t\t\t\t\t\t\t<span class=\"elementor-icon-list-icon\">\n\t\t\t\t\t\t\t<i aria-hidden=\"true\"  class=\"fas fa-check\"><\/i>\t\t\t\t\t\t<\/span>\n\t\t\t\t\t\t\t\t\t\t<span class=\"elementor-icon-list-text\">Free public transportation across the country (Decree 38\/2004)<\/span>\n\t\t\t\t\t\t\t\t\t<\/li>\n\t\t\t\t\t\t\t\t<li class=\"elementor-icon-list-item\">\n\t\t\t\t\t\t\t\t\t\t\t<span class=\"elementor-icon-list-icon\">\n\t\t\t\t\t\t\t<i aria-hidden=\"true\"  class=\"fas fa-check\"><\/i>\t\t\t\t\t\t<\/span>\n\t\t\t\t\t\t\t\t\t\t<span class=\"elementor-icon-list-text\">Employment in the public sector, according to Labor Quota Law 25,689<\/span>\n\t\t\t\t\t\t\t\t\t<\/li>\n\t\t\t\t\t\t\t\t<li class=\"elementor-icon-list-item\">\n\t\t\t\t\t\t\t\t\t\t\t<span class=\"elementor-icon-list-icon\">\n\t\t\t\t\t\t\t<i aria-hidden=\"true\"  class=\"fas fa-check\"><\/i>\t\t\t\t\t\t<\/span>\n\t\t\t\t\t\t\t\t\t\t<span class=\"elementor-icon-list-text\">Prosthetic limbs, wheelchairs, hearing aids.<\/span>\n\t\t\t\t\t\t\t\t\t<\/li>\n\t\t\t\t\t\t\t\t<li class=\"elementor-icon-list-item\">\n\t\t\t\t\t\t\t\t\t\t\t<span class=\"elementor-icon-list-icon\">\n\t\t\t\t\t\t\t<i aria-hidden=\"true\"  class=\"fas fa-check\"><\/i>\t\t\t\t\t\t<\/span>\n\t\t\t\t\t\t\t\t\t\t<span class=\"elementor-icon-list-text\">Schooling at all levels in common education establishments with individualized support systems.<\/span>\n\t\t\t\t\t\t\t\t\t<\/li>\n\t\t\t\t\t\t<\/ul>\n\t\t\t\t<\/div>\n\t\t\t\t<\/div>\n\t\t\t\t\t\t<\/div>\n\t\t\t\t\t<\/div>\n\t\t<\/div>\n\t\t\t\t<div class=\"elementor-column elementor-col-50 elementor-inner-column elementor-element elementor-element-afc5967\"   data-id=\"afc5967\"   data-element_type=\"column\">\n\t\t\t<div class=\"elementor-column-wrap elementor-element-populated\">\n\t\t\t\t\t\t\t<div class=\"elementor-widget-wrap\" >\n\t\t\t\t\t\t<div class=\"elementor-element elementor-element-8e72b4b elementor-icon-list--layout-traditional elementor-list-item-link-full_width elementor-widget elementor-widget-icon-list\"   data-id=\"8e72b4b\"   data-element_type=\"widget\"   data-widget_type=\"icon-list.default\">\n\t\t\t\t<div class=\"elementor-widget-container\">\n\t\t\t\t\t<ul class=\"elementor-icon-list-items\" >\n\t\t\t\t\t\t\t<li class=\"elementor-icon-list-item\">\n\t\t\t\t\t\t\t\t\t\t\t<span class=\"elementor-icon-list-icon\" >\n\t\t\t\t\t\t\t<i aria-hidden=\"true\"  class=\"fas fa-check\"><\/i>\t\t\t\t\t\t<\/span>\n\t\t\t\t\t\t\t\t\t\t<span class=\"elementor-icon-list-text\">The right to demand the removal of architectural barriers or any other element that hinders access to public or private locations<\/span>\n\t\t\t\t\t\t\t\t\t<\/li>\n\t\t\t\t\t\t\t\t<li class=\"elementor-icon-list-item\">\n\t\t\t\t\t\t\t\t\t\t\t<span class=\"elementor-icon-list-icon\">\n\t\t\t\t\t\t\t<i aria-hidden=\"true\"  class=\"fas fa-check\"><\/i>\t\t\t\t\t\t<\/span>\n\t\t\t\t\t\t\t\t\t\t<span class=\"elementor-icon-list-text\">International access sticker for vehicles allowing free parking for people with disabilities, always subject to local traffic laws in each jurisdiction<\/span>\n\t\t\t\t\t\t\t\t\t<\/li>\n\t\t\t\t\t\t\t\t<li class=\"elementor-icon-list-item\">\n\t\t\t\t\t\t\t\t\t\t\t<span class=\"elementor-icon-list-icon\">\n\t\t\t\t\t\t\t<i aria-hidden=\"true\"  class=\"fas fa-check\"><\/i>\t\t\t\t\t\t<\/span>\n\t\t\t\t\t\t\t\t\t\t<span class=\"elementor-icon-list-text\">The right to reserve an exclusive parking space on the street in front of their home for people with severe motor impairment<\/span>\n\t\t\t\t\t\t\t\t\t<\/li>\n\t\t\t\t\t\t\t\t<li class=\"elementor-icon-list-item\">\n\t\t\t\t\t\t\t\t\t\t\t<span class=\"elementor-icon-list-icon\">\n\t\t\t\t\t\t\t<i aria-hidden=\"true\"  class=\"fas fa-check\"><\/i>\t\t\t\t\t\t<\/span>\n\t\t\t\t\t\t\t\t\t\t<span class=\"elementor-icon-list-text\">Tax exemptions, according to the laws of each jurisdiction<\/span>\n\t\t\t\t\t\t\t\t\t<\/li>\n\t\t\t\t\t\t\t\t<li class=\"elementor-icon-list-item\">\n\t\t\t\t\t\t\t\t\t\t\t<span class=\"elementor-icon-list-icon\">\n\t\t\t\t\t\t\t<i aria-hidden=\"true\"  class=\"fas fa-check\"><\/i>\t\t\t\t\t\t<\/span>\n\t\t\t\t\t\t\t\t\t\t<span class=\"elementor-icon-list-text\">Exemption from the license plate tax, in some jurisdictions.<\/span>\n\t\t\t\t\t\t\t\t\t<\/li>\n\t\t\t\t\t\t<\/ul>\n\t\t\t\t<\/div>\n\t\t\t\t<\/div>\n\t\t\t\t\t\t<\/div>\n\t\t\t\t\t<\/div>\n\t\t<\/div>\n\t\t\t\t\t\t\t\t<\/div>\n\t\t\t\t\t<\/div>\n\t\t<\/section>\n\t\t\t\t<div class=\"elementor-element elementor-element-f5384f0 elementor-widget elementor-widget-spacer\"   data-id=\"f5384f0\"   data-element_type=\"widget\"   data-widget_type=\"spacer.default\">\n\t\t\t\t<div class=\"elementor-widget-container\">\n\t\t\t\t\t<div class=\"elementor-spacer\">\n\t\t\t<div class=\"elementor-spacer-inner\"><\/div>\n\t\t<\/div>\n\t\t\t\t<\/div>\n\t\t\t\t<\/div>\n\t\t\t\t<div class=\"elementor-element-custom_font_size elementor-element-custom_font_family elementor-element-custom_font_weight elementor-element-custom_color elementor-element elementor-element-fe357bd elementor-widget elementor-widget-text-editor\"   data-id=\"fe357bd\"   data-element_type=\"widget\"   data-widget_type=\"text-editor.default\">\n\t\t\t\t<div class=\"elementor-widget-container\">\n\t\t\t\t\t<div class=\"elementor-text-editor elementor-clearfix\"><p>How is it processed?<\/p><\/div>\n\t\t\t\t<\/div>\n\t\t\t\t<\/div>\n\t\t\t\t<div class=\"elementor-element-custom_font_family elementor-element-custom_font_weight elementor-element elementor-element-89741d2 elementor-widget elementor-widget-text-editor\"   data-id=\"89741d2\"   data-element_type=\"widget\"   data-widget_type=\"text-editor.default\">\n\t\t\t\t<div class=\"elementor-widget-container\">\n\t\t\t\t\t<div class=\"elementor-text-editor elementor-clearfix\"><p class=\" translation-block\">You have to go to the Disability area of the Ministry of Development or the Ministry of Health of each Municipality to find out about requirements to start the process according to each disability and manage the request for appointments for the evaluation.<\/p><p>For general information and data on the operation of the Medical Boards throughout the country can be consulted at:<\/p><p class=\" translation-block\"><strong>National Rehabilitation Service<\/strong><br><em>Ministry of Health of the Nation<\/em><br>0800 555 3472<br><a href=\"http:\/\/www.snr.gob.ar\"  target=\"_self\">www.snr.gob.ar <\/a><\/p><\/div>\n\t\t\t\t<\/div>\n\t\t\t\t<\/div>\n\t\t\t\t\t\t<\/div>\n\t\t\t\t\t<\/div>\n\t\t<\/div>\n\t\t\t\t<div class=\"elementor-column elementor-col-50 elementor-top-column elementor-element elementor-element-f35f926\"   data-id=\"f35f926\"   data-element_type=\"column\">\n\t\t\t<div class=\"elementor-column-wrap elementor-element-populated\">\n\t\t\t\t\t\t\t<div class=\"elementor-widget-wrap\">\n\t\t\t\t\t\t<div class=\"elementor-element elementor-element-21610b1 elementor-aspect-ratio-169 elementor-widget elementor-widget-video\"   data-id=\"21610b1\"   data-element_type=\"widget\"   data-settings=\"{&quot;aspect_ratio&quot;:&quot;169&quot;}\"   data-widget_type=\"video.default\">\n\t\t\t\t<div class=\"elementor-widget-container\">\n\t\t\t\t\t<div class=\"elementor-wrapper elementor-fit-aspect-ratio elementor-open-inline\">\n\t\t\t<iframe class=\"elementor-video-iframe\"   allowfullscreen title=\"youtube Video Player\"   src=\"https:\/\/www.youtube.com\/embed\/2lzm4cbemDc?feature=oembed&start&end&wmode=opaque&loop=0&controls=1&mute=0&rel=0&modestbranding=0\"><\/iframe>\t\t<\/div>\n\t\t\t\t<\/div>\n\t\t\t\t<\/div>\n\t\t\t\t<div class=\"elementor-element elementor-element-0a42c95 elementor-aspect-ratio-169 elementor-widget elementor-widget-video\"   data-id=\"0a42c95\"   data-element_type=\"widget\"   data-settings=\"{&quot;aspect_ratio&quot;:&quot;169&quot;}\"   data-widget_type=\"video.default\">\n\t\t\t\t<div class=\"elementor-widget-container\">\n\t\t\t\t\t<div class=\"elementor-wrapper elementor-fit-aspect-ratio elementor-open-inline\">\n\t\t\t\t\t<video class=\"elementor-video\"   src=\"https:\/\/fundacionipna.org.ar\/wp-content\/uploads\/2021\/07\/TRAILER-IPNA-UNICEF_1.mp4\"  controls=\"\" controlslist=\"nodownload\"><\/video>\n\t\t\t\t<\/div>\n\t\t\t\t<\/div>\n\t\t\t\t<\/div>\n\t\t\t\t\t\t<\/div>\n\t\t\t\t\t<\/div>\n\t\t<\/div>\n\t\t\t\t\t\t\t\t<\/div>\n\t\t\t\t\t<\/div>\n\t\t<\/section>\n\t\t\t\t\t\t<\/div>\n\t\t\t\t\t\t<\/div>\n\t\t\t\t\t<\/div>","protected":false},"excerpt":{"rendered":"<p>El Certificado \u00danico de Discapacidad (CUD) es un documento p\u00fablico de validez nacional, gratuito, de gesti\u00f3n voluntaria y emitido por una Junta Evaluadora interdisciplinaria que certifica la discapacidad de una persona. Es una herramienta muy importante que permite ejercer los Derechos establecidos en las Leyes 22.431 y 24.901 que contemplan todas las prestaciones y sistemas [&hellip;]<\/p>","protected":false},"author":1,"featured_media":0,"parent":0,"menu_order":0,"comment_status":"closed","ping_status":"closed","template":"","meta":{"footnotes":""},"_links":{"self":[{"href":"https:\/\/fundacionipna.org.ar\/en\/wp-json\/wp\/v2\/pages\/6381"}],"collection":[{"href":"https:\/\/fundacionipna.org.ar\/en\/wp-json\/wp\/v2\/pages"}],"about":[{"href":"https:\/\/fundacionipna.org.ar\/en\/wp-json\/wp\/v2\/types\/page"}],"author":[{"embeddable":true,"href":"https:\/\/fundacionipna.org.ar\/en\/wp-json\/wp\/v2\/users\/1"}],"replies":[{"embeddable":true,"href":"https:\/\/fundacionipna.org.ar\/en\/wp-json\/wp\/v2\/comments?post=6381"}],"version-history":[{"count":16,"href":"https:\/\/fundacionipna.org.ar\/en\/wp-json\/wp\/v2\/pages\/6381\/revisions"}],"predecessor-version":[{"id":8615,"href":"https:\/\/fundacionipna.org.ar\/en\/wp-json\/wp\/v2\/pages\/6381\/revisions\/8615"}],"wp:attachment":[{"href":"https:\/\/fundacionipna.org.ar\/en\/wp-json\/wp\/v2\/media?parent=6381"}],"curies":[{"name":"wp","href":"https:\/\/api.w.org\/{rel}","templated":true}]}}