{"id":6368,"date":"2020-07-31T18:04:39","date_gmt":"2020-07-31T21:04:39","guid":{"rendered":"http:\/\/fundacionipna.org.ar\/?page_id=6368"},"modified":"2021-07-22T15:32:03","modified_gmt":"2021-07-22T18:32:03","slug":"entidades-y-organismos","status":"publish","type":"page","link":"https:\/\/fundacionipna.org.ar\/en\/entidades-y-organismos\/","title":{"rendered":"Entities and Organizations"},"content":{"rendered":"<div data-elementor-type=\"wp-page\"   data-elementor-id=\"6368\"   class=\"elementor elementor-6368\"   data-elementor-settings=\"[]\">\n\t\t\t\t\t\t<div class=\"elementor-inner\">\n\t\t\t\t\t\t\t<div class=\"elementor-section-wrap\">\n\t\t\t\t\t\t\t<section data-particle_enable=\"false\"   data-particle-mobile-disabled=\"false\"   class=\"elementor-section elementor-top-section elementor-element elementor-element-c7bbe73 elementor-section-boxed elementor-section-height-default elementor-section-height-default\"   data-id=\"c7bbe73\" data-element_type=\"section\">\n\t\t\t\t\t\t<div class=\"elementor-container elementor-column-gap-wider\">\n\t\t\t\t\t\t\t<div class=\"elementor-row\">\n\t\t\t\t\t<div class=\"elementor-column elementor-col-50 elementor-top-column elementor-element elementor-element-41dfae2\"   data-id=\"41dfae2\"   data-element_type=\"column\">\n\t\t\t<div class=\"elementor-column-wrap elementor-element-populated\">\n\t\t\t\t\t\t\t<div class=\"elementor-widget-wrap\">\n\t\t\t\t\t\t<div class=\"elementor-element elementor-element-bfcf667 elementor-widget elementor-widget-text-editor\"   data-id=\"bfcf667\"   data-element_type=\"widget\"   data-widget_type=\"text-editor.default\">\n\t\t\t\t<div class=\"elementor-widget-container\">\n\t\t\t\t\t<div class=\"elementor-text-editor elementor-clearfix\"><p><span>At the local, provincial and national level, the state has programs and services that provide information, counseling and advisory services to guarantee access to rights.<\/span><\/p><\/div>\n\t\t\t\t<\/div>\n\t\t\t\t<\/div>\n\t\t\t\t<div class=\"elementor-element elementor-element-3d12114 elementor-widget elementor-widget-accordion\"   data-id=\"3d12114\"   data-element_type=\"widget\"   data-widget_type=\"accordion.default\">\n\t\t\t\t<div class=\"elementor-widget-container\">\n\t\t\t\t\t<div class=\"elementor-accordion\" role=\"tablist\">\n\t\t\t\t\t\t\t<div class=\"elementor-accordion-item\">\n\t\t\t\t\t<div id=\"elementor-tab-title-6401\"   class=\"elementor-tab-title\"   data-tab=\"1\"   role=\"tab\"   aria-controls=\"elementor-tab-content-6401\">\n\t\t\t\t\t\t\t\t\t\t\t\t\t<span class=\"elementor-accordion-icon elementor-accordion-icon-left\" aria-hidden=\"true\">\n\t\t\t\t\t\t\t\t\t\t\t\t\t\t\t<span class=\"elementor-accordion-icon-closed\"><i class=\"far fa-circle\" ><\/i><\/span>\n\t\t\t\t\t\t\t\t<span class=\"elementor-accordion-icon-opened\"><i class=\"far fa-dot-circle\"><\/i><\/span>\n\t\t\t\t\t\t\t\t\t\t\t\t\t\t<\/span>\n\t\t\t\t\t\t\t\t\t\t\t\t<a class=\"elementor-accordion-title\" href=\"\">National Agency for Disability<\/a>\n\t\t\t\t\t<\/div>\n\t\t\t\t\t<div id=\"elementor-tab-content-6401\"   class=\"elementor-tab-content elementor-clearfix\"   data-tab=\"1\"   role=\"tabpanel\"   aria-labelledby=\"elementor-tab-title-6401\"><p class=\"western\"   align=\"justify\">It is the government body in charge of applying the International Convention on the Rights of Persons with Disabilities and promoting inclusive public policies, programs and projects.<\/p><p class=\"western\"   align=\"justify\"><span><span lang=\"es-ES\"><strong>Free Line:<\/strong>: 0800 555 3472<\/span><\/span><\/p><p class=\"western\"   align=\"justify\"><span><span lang=\"es-ES\"><strong>Web:<\/strong> <a href=\"http:\/\/www.argentina.gob.ar\/andis\">www.argentina.gob.ar\/andis<\/a><\/span><\/span><span><u><\/u><\/span><\/p><p class=\"western\"   align=\"justify\"><span><span lang=\"es-ES\"><b>E-Mail: <\/b>consultas@andis.gob.ar<\/span><\/span><\/p><p align=\"justify\"><span><span lang=\"es-ES\"><b>Facebook: <\/b><a href=\"https:\/\/es-la.facebook.com\/AgenciaNacionaldeDiscapacidad\/\">National Agency for Disability<\/a><\/span><\/span><\/p><\/div>\n\t\t\t\t<\/div>\n\t\t\t\t\t\t\t<div class=\"elementor-accordion-item\">\n\t\t\t\t\t<div id=\"elementor-tab-title-6402\"   class=\"elementor-tab-title\"   data-tab=\"2\"   role=\"tab\"   aria-controls=\"elementor-tab-content-6402\">\n\t\t\t\t\t\t\t\t\t\t\t\t\t<span class=\"elementor-accordion-icon elementor-accordion-icon-left\" aria-hidden=\"true\">\n\t\t\t\t\t\t\t\t\t\t\t\t\t\t\t<span class=\"elementor-accordion-icon-closed\" ><i class=\"far fa-circle\"><\/i><\/span>\n\t\t\t\t\t\t\t\t<span class=\"elementor-accordion-icon-opened\"><i class=\"far fa-dot-circle\"><\/i><\/span>\n\t\t\t\t\t\t\t\t\t\t\t\t\t\t<\/span>\n\t\t\t\t\t\t\t\t\t\t\t\t<a class=\"elementor-accordion-title\" href=\"\">Superintendency of Health Services of the Nation<\/a>\n\t\t\t\t\t<\/div>\n\t\t\t\t\t<div id=\"elementor-tab-content-6402\"   class=\"elementor-tab-content elementor-clearfix\"   data-tab=\"2\"   role=\"tabpanel\"   aria-labelledby=\"elementor-tab-title-6402\"><p class=\"western translation-block\"  align=\"justify\">It is the entity that controls Social Work and Prepaid Medicine Companies and receives complaints in cases of non-compliance in access to health services.<\/p><p class=\"western translation-block\"   align=\"justify\"><span><span lang=\"es-ES\"><strong>Free Line:<\/strong>\u00a00800 222 72583 (SALUD). Attention from Monday to Friday from 9 a.m. to 5 p.m.<\/span><\/span><\/p><p class=\"western\"   align=\"justify\"><span><span lang=\"es-ES\"><strong>Web:<\/strong>\u00a0<\/span><\/span><span><u><a href=\"http:\/\/www.sssalud.gob.ar\/\"  ><span lang=\"es-ES\">www.sssalud.gob.ar<\/span><\/a><\/u><\/span><\/p><p class=\"western\"   align=\"justify\"><span><span lang=\"es-ES\"><strong>E-Mail:<\/strong>\u00a0<\/span><\/span><span><u><a href=\"mailto:defensor@sssalud.gob.ar\"><span lang=\"es-ES\">defensor@sssalud.gob.ar<\/span><\/a><\/u><\/span><\/p><\/div>\n\t\t\t\t<\/div>\n\t\t\t\t\t\t\t<div class=\"elementor-accordion-item\">\n\t\t\t\t\t<div id=\"elementor-tab-title-6403\"   class=\"elementor-tab-title\"   data-tab=\"3\"   role=\"tab\"   aria-controls=\"elementor-tab-content-6403\">\n\t\t\t\t\t\t\t\t\t\t\t\t\t<span class=\"elementor-accordion-icon elementor-accordion-icon-left\" aria-hidden=\"true\">\n\t\t\t\t\t\t\t\t\t\t\t\t\t\t\t<span class=\"elementor-accordion-icon-closed\"><i class=\"far fa-circle\"><\/i><\/span>\n\t\t\t\t\t\t\t\t<span class=\"elementor-accordion-icon-opened\"><i class=\"far fa-dot-circle\"><\/i><\/span>\n\t\t\t\t\t\t\t\t\t\t\t\t\t\t<\/span>\n\t\t\t\t\t\t\t\t\t\t\t\t<a class=\"elementor-accordion-title\" href=\"\">Administration and access to Justice program - ADAJUS<\/a>\n\t\t\t\t\t<\/div>\n\t\t\t\t\t<div id=\"elementor-tab-content-6403\"   class=\"elementor-tab-content elementor-clearfix\"   data-tab=\"3\"   role=\"tabpanel\"   aria-labelledby=\"elementor-tab-title-6403\"><p class=\"western translation-block\"  align=\"justify\">Its function is to guarantee effective access for people with disabilities to the justice system throughout the country.<\/p><p class=\"western translation-block\"   align=\"justify\"><strong>Telephone:<\/strong> (011) 5300-4000. <strong>Internal:<\/strong> 78348\/78349<\/p><p class=\"western\"   align=\"justify\"><span><span lang=\"es-ES\"><strong>Guard Line:<\/strong>\u00a0(011) 153 364 1705<\/span><\/span><\/p><p class=\"western\"   align=\"justify\"><span><span lang=\"es-ES\"><strong>Web:<\/strong>\u00a0<a href=\"http:\/\/www.jus.gob.ar\/\">www.jus.gob.ar<\/a>\u00a0(see Disability topic)<\/span><\/span><\/p><p class=\"western\"   align=\"justify\"><span><span lang=\"es-ES\"><strong>E-Mail:<\/strong>\u00a0adajus@jus.gob.ar<\/span><\/span><\/p><\/div>\n\t\t\t\t<\/div>\n\t\t\t\t\t\t\t<div class=\"elementor-accordion-item\">\n\t\t\t\t\t<div id=\"elementor-tab-title-6404\"   class=\"elementor-tab-title\"   data-tab=\"4\"   role=\"tab\"   aria-controls=\"elementor-tab-content-6404\">\n\t\t\t\t\t\t\t\t\t\t\t\t\t<span class=\"elementor-accordion-icon elementor-accordion-icon-left\" aria-hidden=\"true\">\n\t\t\t\t\t\t\t\t\t\t\t\t\t\t\t<span class=\"elementor-accordion-icon-closed\"><i class=\"far fa-circle\"><\/i><\/span>\n\t\t\t\t\t\t\t\t<span class=\"elementor-accordion-icon-opened\"><i class=\"far fa-dot-circle\"><\/i><\/span>\n\t\t\t\t\t\t\t\t\t\t\t\t\t\t<\/span>\n\t\t\t\t\t\t\t\t\t\t\t\t<a class=\"elementor-accordion-title\" href=\"\">National Institute against Discrimination, Xenophobia and Racism - INADI<\/a>\n\t\t\t\t\t<\/div>\n\t\t\t\t\t<div id=\"elementor-tab-content-6404\"   class=\"elementor-tab-content elementor-clearfix\"   data-tab=\"4\"   role=\"tabpanel\"   aria-labelledby=\"elementor-tab-title-6404\"><p class=\"western translation-block\"  align=\"justify\">It is the body in charge of advising and receiving complaints from people who suffer discrimination and of developing communication campaigns to promote respect for diversity and pluralism.<\/p><p class=\"western\"   align=\"justify\"><span><span lang=\"es-ES\"><strong>Free Line:<\/strong>\u00a00800 999 2345. Attention 24 hours.<\/span><\/span><\/p><p class=\"western\"   align=\"justify\"><span><span lang=\"es-ES\"><strong>Web:<\/strong>\u00a0<\/span><\/span><span><u><a href=\"http:\/\/www.inadi.gob.ar\/\"  ><span lang=\"es-ES\">www.inadi.gob.ar<\/span><\/a><\/u><\/span><\/p><\/div>\n\t\t\t\t<\/div>\n\t\t\t\t\t\t\t<div class=\"elementor-accordion-item\">\n\t\t\t\t\t<div id=\"elementor-tab-title-6405\"   class=\"elementor-tab-title\"   data-tab=\"5\"   role=\"tab\"   aria-controls=\"elementor-tab-content-6405\">\n\t\t\t\t\t\t\t\t\t\t\t\t\t<span class=\"elementor-accordion-icon elementor-accordion-icon-left\" aria-hidden=\"true\">\n\t\t\t\t\t\t\t\t\t\t\t\t\t\t\t<span class=\"elementor-accordion-icon-closed\"><i class=\"far fa-circle\"><\/i><\/span>\n\t\t\t\t\t\t\t\t<span class=\"elementor-accordion-icon-opened\"><i class=\"far fa-dot-circle\"><\/i><\/span>\n\t\t\t\t\t\t\t\t\t\t\t\t\t\t<\/span>\n\t\t\t\t\t\t\t\t\t\t\t\t<a class=\"elementor-accordion-title\" href=\"\">Office of the Ombudsman of the Nation<\/a>\n\t\t\t\t\t<\/div>\n\t\t\t\t\t<div id=\"elementor-tab-content-6405\"   class=\"elementor-tab-content elementor-clearfix\"   data-tab=\"5\"   role=\"tabpanel\"   aria-labelledby=\"elementor-tab-title-6405\"><p class=\"western translation-block\"  align=\"justify\">Its mission is to protect the rights and guarantees established in the National Constitution and to receive complaints or initiate legal proceedings for non-compliance by public or private authorities.<\/p><p class=\"western\"   align=\"justify\"><span><span lang=\"es-ES\"><strong>Phone:<\/strong>\u00a00810 333 3762<\/span><\/span><\/p><p class=\"western\"   align=\"justify\"><span><span lang=\"es-ES\"><strong>Web:<\/strong>\u00a0<\/span><\/span><span><u><a href=\"http:\/\/www.dpn.gob.ar\/\"  >www.dpn.gob.ar<\/a><\/u><\/span><\/p><p class=\"western\"   align=\"justify\"><span><span lang=\"es-ES\"><strong>E-Mail:<\/strong>\u00a0defensor@defensor.gob.ar<\/span><\/span><\/p><\/div>\n\t\t\t\t<\/div>\n\t\t\t\t\t<\/div>\n\t\t\t\t<\/div>\n\t\t\t\t<\/div>\n\t\t\t\t\t\t<\/div>\n\t\t\t\t\t<\/div>\n\t\t<\/div>\n\t\t\t\t<div class=\"elementor-column elementor-col-50 elementor-top-column elementor-element elementor-element-623b6e9\"   data-id=\"623b6e9\"   data-element_type=\"column\">\n\t\t\t<div class=\"elementor-column-wrap elementor-element-populated\">\n\t\t\t\t\t\t\t<div class=\"elementor-widget-wrap\">\n\t\t\t\t\t\t<div class=\"elementor-element elementor-element-812e172 elementor-aspect-ratio-169 elementor-widget elementor-widget-video\"   data-id=\"812e172\"   data-element_type=\"widget\"   data-settings=\"{&quot;aspect_ratio&quot;:&quot;169&quot;}\"   data-widget_type=\"video.default\">\n\t\t\t\t<div class=\"elementor-widget-container\">\n\t\t\t\t\t<div class=\"elementor-wrapper elementor-fit-aspect-ratio elementor-open-inline\">\n\t\t\t<iframe class=\"elementor-video-iframe\"   allowfullscreen title=\"youtube Video Player\"   src=\"https:\/\/www.youtube.com\/embed\/2lzm4cbemDc?feature=oembed&start&end&wmode=opaque&loop=0&controls=1&mute=0&rel=0&modestbranding=0\"><\/iframe>\t\t<\/div>\n\t\t\t\t<\/div>\n\t\t\t\t<\/div>\n\t\t\t\t<div class=\"elementor-element elementor-element-7a97274 elementor-aspect-ratio-169 elementor-widget elementor-widget-video\"   data-id=\"7a97274\"   data-element_type=\"widget\"   data-settings=\"{&quot;aspect_ratio&quot;:&quot;169&quot;}\"   data-widget_type=\"video.default\">\n\t\t\t\t<div class=\"elementor-widget-container\">\n\t\t\t\t\t<div class=\"elementor-wrapper elementor-fit-aspect-ratio elementor-open-inline\">\n\t\t\t\t\t<video class=\"elementor-video\"   src=\"https:\/\/fundacionipna.org.ar\/wp-content\/uploads\/2021\/07\/TRAILER-IPNA-UNICEF_1.mp4\"  controls=\"\" controlslist=\"nodownload\"><\/video>\n\t\t\t\t<\/div>\n\t\t\t\t<\/div>\n\t\t\t\t<\/div>\n\t\t\t\t\t\t<\/div>\n\t\t\t\t\t<\/div>\n\t\t<\/div>\n\t\t\t\t\t\t\t\t<\/div>\n\t\t\t\t\t<\/div>\n\t\t<\/section>\n\t\t\t\t\t\t<\/div>\n\t\t\t\t\t\t<\/div>\n\t\t\t\t\t<\/div>","protected":false},"excerpt":{"rendered":"<p>El Estado, a nivel nacional, provincial y local, dispone de programas y servicios que ofrecen informaci\u00f3n, asesoramiento y acompa\u00f1amiento para garantizar el acceso a los Derechos. Agencia Nacional de Discapacidad Es el organismo gubernamental encargado de la aplicaci\u00f3n de la Convenci\u00f3n Internacional sobre los Derechos de las personas con discapacidad y de promover pol\u00edticas p\u00fablicas, [&hellip;]<\/p>","protected":false},"author":1,"featured_media":0,"parent":0,"menu_order":0,"comment_status":"closed","ping_status":"closed","template":"","meta":{"footnotes":""},"_links":{"self":[{"href":"https:\/\/fundacionipna.org.ar\/en\/wp-json\/wp\/v2\/pages\/6368"}],"collection":[{"href":"https:\/\/fundacionipna.org.ar\/en\/wp-json\/wp\/v2\/pages"}],"about":[{"href":"https:\/\/fundacionipna.org.ar\/en\/wp-json\/wp\/v2\/types\/page"}],"author":[{"embeddable":true,"href":"https:\/\/fundacionipna.org.ar\/en\/wp-json\/wp\/v2\/users\/1"}],"replies":[{"embeddable":true,"href":"https:\/\/fundacionipna.org.ar\/en\/wp-json\/wp\/v2\/comments?post=6368"}],"version-history":[{"count":11,"href":"https:\/\/fundacionipna.org.ar\/en\/wp-json\/wp\/v2\/pages\/6368\/revisions"}],"predecessor-version":[{"id":8620,"href":"https:\/\/fundacionipna.org.ar\/en\/wp-json\/wp\/v2\/pages\/6368\/revisions\/8620"}],"wp:attachment":[{"href":"https:\/\/fundacionipna.org.ar\/en\/wp-json\/wp\/v2\/media?parent=6368"}],"curies":[{"name":"wp","href":"https:\/\/api.w.org\/{rel}","templated":true}]}}