{"id":6362,"date":"2020-07-31T17:42:06","date_gmt":"2020-07-31T20:42:06","guid":{"rendered":"http:\/\/fundacionipna.org.ar\/?page_id=6362"},"modified":"2021-07-22T15:33:01","modified_gmt":"2021-07-22T18:33:01","slug":"leyes-en-argentina","status":"publish","type":"page","link":"https:\/\/fundacionipna.org.ar\/en\/leyes-en-argentina\/","title":{"rendered":"Laws in Argentina"},"content":{"rendered":"<div data-elementor-type=\"wp-page\"   data-elementor-id=\"6362\"   class=\"elementor elementor-6362\"   data-elementor-settings=\"[]\">\n\t\t\t\t\t\t<div class=\"elementor-inner\">\n\t\t\t\t\t\t\t<div class=\"elementor-section-wrap\">\n\t\t\t\t\t\t\t<section data-particle_enable=\"false\"   data-particle-mobile-disabled=\"false\"   class=\"elementor-section elementor-top-section elementor-element elementor-element-4eadd5b elementor-section-boxed elementor-section-height-default elementor-section-height-default\"  data-id=\"4eadd5b\" data-element_type=\"section\">\n\t\t\t\t\t\t<div class=\"elementor-container elementor-column-gap-wider\">\n\t\t\t\t\t\t\t<div class=\"elementor-row\">\n\t\t\t\t\t<div class=\"elementor-column elementor-col-50 elementor-top-column elementor-element elementor-element-aa175fb\"   data-id=\"aa175fb\"  data-element_type=\"column\">\n\t\t\t<div class=\"elementor-column-wrap elementor-element-populated\">\n\t\t\t\t\t\t\t<div class=\"elementor-widget-wrap\">\n\t\t\t\t\t\t<div class=\"elementor-element elementor-element-d6e1106 elementor-widget elementor-widget-text-editor\"   data-id=\"d6e1106\"   data-element_type=\"widget\"   data-widget_type=\"text-editor.default\">\n\t\t\t\t<div class=\"elementor-widget-container\">\n\t\t\t\t\t<div class=\"elementor-text-editor elementor-clearfix\"><p class=\" translation-block\">People with disabilities have the right to full healthcare coverage and education in Argentina. This is guaranteed by two national laws: Law 22,432, which establishes the integral protection system for people with disability (1981) and Law 24,901, which establishes the system for basic habilitation and rehabilitation services for people with disabilities (1997).<\/p><p>Additional laws have been passed to increase coverage and establish new rights in order to guarantee that people with disabilities can fully participate in all spheres of society.<\/p><\/div>\n\t\t\t\t<\/div>\n\t\t\t\t<\/div>\n\t\t\t\t<div class=\"elementor-element elementor-element-27ed917 elementor-button-info elementor-align-left elementor-widget elementor-widget-button\"   data-id=\"27ed917\"   data-element_type=\"widget\"   data-widget_type=\"button.default\">\n\t\t\t\t<div class=\"elementor-widget-container\">\n\t\t\t\t\t<div class=\"elementor-button-wrapper\">\n\t\t\t<a href=\"http:\/\/fundacionipna.org.ar\/en\/wp-content\/uploads\/2020\/11\/Ley-22431.pdf\/\"   target=\"_blank\"   class=\"elementor-button-link elementor-button elementor-size-sm\" role=\"button\">\n\t\t\t\t\t\t<span class=\"elementor-button-content-wrapper\">\n\t\t\t\t\t\t<span class=\"elementor-button-icon elementor-align-icon-left\">\n\t\t\t\t<i aria-hidden=\"true\"  class=\"fas fa-download\"><\/i>\t\t\t<\/span>\n\t\t\t\t\t\t<span class=\"elementor-button-text\">DOWNLOAD | Law 22.431<\/span>\n\t\t<\/span>\n\t\t\t\t\t<\/a>\n\t\t<\/div>\n\t\t\t\t<\/div>\n\t\t\t\t<\/div>\n\t\t\t\t<div class=\"elementor-element elementor-element-cbe0743 elementor-button-info elementor-align-left elementor-widget elementor-widget-button\"   data-id=\"cbe0743\"   data-element_type=\"widget\"   data-widget_type=\"button.default\">\n\t\t\t\t<div class=\"elementor-widget-container\">\n\t\t\t\t\t<div class=\"elementor-button-wrapper\" >\n\t\t\t<a href=\"http:\/\/fundacionipna.org.ar\/en\/wp-content\/uploads\/2020\/11\/Ley24901.pdf\/\"   target=\"_blank\"   class=\"elementor-button-link elementor-button elementor-size-sm\"  role=\"button\">\n\t\t\t\t\t\t<span class=\"elementor-button-content-wrapper\">\n\t\t\t\t\t\t<span class=\"elementor-button-icon elementor-align-icon-left\">\n\t\t\t\t<i aria-hidden=\"true\"  class=\"fas fa-download\"><\/i>\t\t\t<\/span>\n\t\t\t\t\t\t<span class=\"elementor-button-text\">DOWNLOAD | Law 24.901<\/span>\n\t\t<\/span>\n\t\t\t\t\t<\/a>\n\t\t<\/div>\n\t\t\t\t<\/div>\n\t\t\t\t<\/div>\n\t\t\t\t<div class=\"elementor-element elementor-element-0d3c07e elementor-button-info elementor-align-left elementor-widget elementor-widget-button\"   data-id=\"0d3c07e\"   data-element_type=\"widget\"   data-widget_type=\"button.default\">\n\t\t\t\t<div class=\"elementor-widget-container\">\n\t\t\t\t\t<div class=\"elementor-button-wrapper\">\n\t\t\t<a href=\"http:\/\/fundacionipna.org.ar\/en\/wp-content\/uploads\/2020\/11\/Ley-26657.pdf\/\"   target=\"_blank\"   class=\"elementor-button-link elementor-button elementor-size-sm\" role=\"button\">\n\t\t\t\t\t\t<span class=\"elementor-button-content-wrapper\">\n\t\t\t\t\t\t<span class=\"elementor-button-icon elementor-align-icon-left\">\n\t\t\t\t<i aria-hidden=\"true\"  class=\"fas fa-download\"><\/i>\t\t\t<\/span>\n\t\t\t\t\t\t<span class=\"elementor-button-text\">DOWNLOAD | Law 26.657<\/span>\n\t\t<\/span>\n\t\t\t\t\t<\/a>\n\t\t<\/div>\n\t\t\t\t<\/div>\n\t\t\t\t<\/div>\n\t\t\t\t<div class=\"elementor-element elementor-element-4bbbda6 elementor-widget elementor-widget-spacer\"   data-id=\"4bbbda6\"   data-element_type=\"widget\"   data-widget_type=\"spacer.default\">\n\t\t\t\t<div class=\"elementor-widget-container\">\n\t\t\t\t\t<div class=\"elementor-spacer\">\n\t\t\t<div class=\"elementor-spacer-inner\"><\/div>\n\t\t<\/div>\n\t\t\t\t<\/div>\n\t\t\t\t<\/div>\n\t\t\t\t<div class=\"elementor-element elementor-element-7d1c766 elementor-button-info elementor-align-left elementor-widget elementor-widget-button\"   data-id=\"7d1c766\"   data-element_type=\"widget\"   data-widget_type=\"button.default\">\n\t\t\t\t<div class=\"elementor-widget-container\">\n\t\t\t\t\t<div class=\"elementor-button-wrapper\">\n\t\t\t<a href=\"http:\/\/fundacionipna.org.ar\/en\/wp-content\/uploads\/2020\/11\/Ley-25689.pdf\/\"   target=\"_blank\"   class=\"elementor-button-link elementor-button elementor-size-sm\" role=\"button\">\n\t\t\t\t\t\t<span class=\"elementor-button-content-wrapper\">\n\t\t\t\t\t\t<span class=\"elementor-button-icon elementor-align-icon-left\">\n\t\t\t\t<i aria-hidden=\"true\"  class=\"fas fa-download\"><\/i>\t\t\t<\/span>\n\t\t\t\t\t\t<span class=\"elementor-button-text\">DOWNLOAD | Law 25.689<\/span>\n\t\t<\/span>\n\t\t\t\t\t<\/a>\n\t\t<\/div>\n\t\t\t\t<\/div>\n\t\t\t\t<\/div>\n\t\t\t\t<div class=\"elementor-element elementor-element-6ccffaf elementor-button-info elementor-align-left elementor-widget elementor-widget-button\"   data-id=\"6ccffaf\"   data-element_type=\"widget\"   data-widget_type=\"button.default\">\n\t\t\t\t<div class=\"elementor-widget-container\">\n\t\t\t\t\t<div class=\"elementor-button-wrapper\">\n\t\t\t<a href=\"http:\/\/fundacionipna.org.ar\/en\/wp-content\/uploads\/2020\/11\/Ley-26061.pdf\/\"   target=\"_blank\"   class=\"elementor-button-link elementor-button elementor-size-sm\" role=\"button\">\n\t\t\t\t\t\t<span class=\"elementor-button-content-wrapper\">\n\t\t\t\t\t\t<span class=\"elementor-button-icon elementor-align-icon-left\">\n\t\t\t\t<i aria-hidden=\"true\"  class=\"fas fa-download\"><\/i>\t\t\t<\/span>\n\t\t\t\t\t\t<span class=\"elementor-button-text\">DOWNLOAD | Law 26.061<\/span>\n\t\t<\/span>\n\t\t\t\t\t<\/a>\n\t\t<\/div>\n\t\t\t\t<\/div>\n\t\t\t\t<\/div>\n\t\t\t\t<div class=\"elementor-element elementor-element-f88a5ca elementor-button-info elementor-align-left elementor-widget elementor-widget-button\"   data-id=\"f88a5ca\"   data-element_type=\"widget\"   data-widget_type=\"button.default\">\n\t\t\t\t<div class=\"elementor-widget-container\">\n\t\t\t\t\t<div class=\"elementor-button-wrapper\" >\n\t\t\t<a href=\"http:\/\/fundacionipna.org.ar\/en\/wp-content\/uploads\/2020\/11\/Ley-26378.pdf\/\"   target=\"_blank\"   class=\"elementor-button-link elementor-button elementor-size-sm\"  role=\"button\">\n\t\t\t\t\t\t<span class=\"elementor-button-content-wrapper\">\n\t\t\t\t\t\t<span class=\"elementor-button-icon elementor-align-icon-left\">\n\t\t\t\t<i aria-hidden=\"true\"  class=\"fas fa-download\"><\/i>\t\t\t<\/span>\n\t\t\t\t\t\t<span class=\"elementor-button-text\">DOWNLOAD | Law 26.378<\/span>\n\t\t<\/span>\n\t\t\t\t\t<\/a>\n\t\t<\/div>\n\t\t\t\t<\/div>\n\t\t\t\t<\/div>\n\t\t\t\t<div class=\"elementor-element elementor-element-4e1aaef elementor-button-info elementor-align-left elementor-widget elementor-widget-button\"   data-id=\"4e1aaef\"   data-element_type=\"widget\"   data-widget_type=\"button.default\">\n\t\t\t\t<div class=\"elementor-widget-container\">\n\t\t\t\t\t<div class=\"elementor-button-wrapper\">\n\t\t\t<a href=\"http:\/\/fundacionipna.org.ar\/en\/wp-content\/uploads\/2020\/11\/Ley-27044.pdf\/\"   target=\"_blank\"   class=\"elementor-button-link elementor-button elementor-size-sm\" role=\"button\">\n\t\t\t\t\t\t<span class=\"elementor-button-content-wrapper\">\n\t\t\t\t\t\t<span class=\"elementor-button-icon elementor-align-icon-left\">\n\t\t\t\t<i aria-hidden=\"true\"  class=\"fas fa-download\"><\/i>\t\t\t<\/span>\n\t\t\t\t\t\t<span class=\"elementor-button-text\">DOWNLOAD | Law 27.044<\/span>\n\t\t<\/span>\n\t\t\t\t\t<\/a>\n\t\t<\/div>\n\t\t\t\t<\/div>\n\t\t\t\t<\/div>\n\t\t\t\t<div class=\"elementor-element elementor-element-24f8b60 elementor-button-info elementor-align-left elementor-widget elementor-widget-button\"   data-id=\"24f8b60\"   data-element_type=\"widget\"   data-widget_type=\"button.default\">\n\t\t\t\t<div class=\"elementor-widget-container\">\n\t\t\t\t\t<div class=\"elementor-button-wrapper\" >\n\t\t\t<a href=\"http:\/\/fundacionipna.org.ar\/en\/wp-content\/uploads\/2020\/11\/Decreto38-2004.pdf\/\"   target=\"_blank\"   class=\"elementor-button-link elementor-button elementor-size-sm\"  role=\"button\">\n\t\t\t\t\t\t<span class=\"elementor-button-content-wrapper\">\n\t\t\t\t\t\t<span class=\"elementor-button-icon elementor-align-icon-left\">\n\t\t\t\t<i aria-hidden=\"true\"  class=\"fas fa-download\"><\/i>\t\t\t<\/span>\n\t\t\t\t\t\t<span class=\"elementor-button-text\">DOWNLOAD | Decree 38-2004<\/span>\n\t\t<\/span>\n\t\t\t\t\t<\/a>\n\t\t<\/div>\n\t\t\t\t<\/div>\n\t\t\t\t<\/div>\n\t\t\t\t\t\t<\/div>\n\t\t\t\t\t<\/div>\n\t\t<\/div>\n\t\t\t\t<div class=\"elementor-column elementor-col-50 elementor-top-column elementor-element elementor-element-ba0cfe5\"   data-id=\"ba0cfe5\"   data-element_type=\"column\">\n\t\t\t<div class=\"elementor-column-wrap elementor-element-populated\">\n\t\t\t\t\t\t\t<div class=\"elementor-widget-wrap\">\n\t\t\t\t\t\t<div class=\"elementor-element elementor-element-db22a99 elementor-aspect-ratio-169 elementor-widget elementor-widget-video\"   data-id=\"db22a99\"   data-element_type=\"widget\"   data-settings=\"{&quot;aspect_ratio&quot;:&quot;169&quot;}\"  data-widget_type=\"video.default\">\n\t\t\t\t<div class=\"elementor-widget-container\">\n\t\t\t\t\t<div class=\"elementor-wrapper elementor-fit-aspect-ratio elementor-open-inline\">\n\t\t\t<iframe class=\"elementor-video-iframe\"   allowfullscreen title=\"youtube Video Player\"   src=\"https:\/\/www.youtube.com\/embed\/2lzm4cbemDc?feature=oembed&start&end&wmode=opaque&loop=0&controls=1&mute=0&rel=0&modestbranding=0\"><\/iframe>\t\t<\/div>\n\t\t\t\t<\/div>\n\t\t\t\t<\/div>\n\t\t\t\t<div class=\"elementor-element elementor-element-5783ea1 elementor-aspect-ratio-169 elementor-widget elementor-widget-video\"   data-id=\"5783ea1\"   data-element_type=\"widget\"   data-settings=\"{&quot;aspect_ratio&quot;:&quot;169&quot;}\"   data-widget_type=\"video.default\">\n\t\t\t\t<div class=\"elementor-widget-container\">\n\t\t\t\t\t<div class=\"elementor-wrapper elementor-fit-aspect-ratio elementor-open-inline\">\n\t\t\t\t\t<video class=\"elementor-video\"   src=\"https:\/\/fundacionipna.org.ar\/wp-content\/uploads\/2021\/07\/TRAILER-IPNA-UNICEF_1.mp4\"  controls=\"\" controlslist=\"nodownload\"><\/video>\n\t\t\t\t<\/div>\n\t\t\t\t<\/div>\n\t\t\t\t<\/div>\n\t\t\t\t\t\t<\/div>\n\t\t\t\t\t<\/div>\n\t\t<\/div>\n\t\t\t\t\t\t\t\t<\/div>\n\t\t\t\t\t<\/div>\n\t\t<\/section>\n\t\t\t\t\t\t<\/div>\n\t\t\t\t\t\t<\/div>\n\t\t\t\t\t<\/div>","protected":false},"excerpt":{"rendered":"<p>Las personas con discapacidad tienen derecho a la cobertura total de servicios de Salud y Educaci\u00f3n, garantizada a trav\u00e9s de dos leyes nacionales: la\u00a0Ley 22.431\u00a0que establece el Sistema de Protecci\u00f3n Integral de las personas con discapacidad (a\u00f1o 1981) y la\u00a0Ley 24.901\u00a0que establece el Sistema de Prestaciones B\u00e1sicas en Habilitaci\u00f3n y Rehabilitaci\u00f3n Integral a favor de [&hellip;]<\/p>","protected":false},"author":1,"featured_media":0,"parent":0,"menu_order":0,"comment_status":"closed","ping_status":"closed","template":"","meta":{"footnotes":""},"_links":{"self":[{"href":"https:\/\/fundacionipna.org.ar\/en\/wp-json\/wp\/v2\/pages\/6362"}],"collection":[{"href":"https:\/\/fundacionipna.org.ar\/en\/wp-json\/wp\/v2\/pages"}],"about":[{"href":"https:\/\/fundacionipna.org.ar\/en\/wp-json\/wp\/v2\/types\/page"}],"author":[{"embeddable":true,"href":"https:\/\/fundacionipna.org.ar\/en\/wp-json\/wp\/v2\/users\/1"}],"replies":[{"embeddable":true,"href":"https:\/\/fundacionipna.org.ar\/en\/wp-json\/wp\/v2\/comments?post=6362"}],"version-history":[{"count":12,"href":"https:\/\/fundacionipna.org.ar\/en\/wp-json\/wp\/v2\/pages\/6362\/revisions"}],"predecessor-version":[{"id":8622,"href":"https:\/\/fundacionipna.org.ar\/en\/wp-json\/wp\/v2\/pages\/6362\/revisions\/8622"}],"wp:attachment":[{"href":"https:\/\/fundacionipna.org.ar\/en\/wp-json\/wp\/v2\/media?parent=6362"}],"curies":[{"name":"wp","href":"https:\/\/api.w.org\/{rel}","templated":true}]}}