{"id":6261,"date":"2020-07-31T01:50:10","date_gmt":"2020-07-31T04:50:10","guid":{"rendered":"http:\/\/fundacionipna.org.ar\/?page_id=6261"},"modified":"2021-07-22T15:24:08","modified_gmt":"2021-07-22T18:24:08","slug":"voluntariado","status":"publish","type":"page","link":"https:\/\/fundacionipna.org.ar\/en\/voluntariado\/","title":{"rendered":"Volunteers"},"content":{"rendered":"<div data-elementor-type=\"wp-page\"  data-elementor-id=\"6261\"  class=\"elementor elementor-6261\"  data-elementor-settings=\"[]\">\n\t\t\t\t\t\t<div class=\"elementor-inner\">\n\t\t\t\t\t\t\t<div class=\"elementor-section-wrap\">\n\t\t\t\t\t\t\t<section data-particle_enable=\"false\"   data-particle-mobile-disabled=\"false\"   class=\"elementor-section elementor-top-section elementor-element elementor-element-437e1e6 elementor-section-boxed elementor-section-height-default elementor-section-height-default\"   data-id=\"437e1e6\" data-element_type=\"section\">\n\t\t\t\t\t\t<div class=\"elementor-container elementor-column-gap-wider\">\n\t\t\t\t\t\t\t<div class=\"elementor-row\">\n\t\t\t\t\t<div class=\"elementor-column elementor-col-50 elementor-top-column elementor-element elementor-element-90f0067\"   data-id=\"90f0067\"   data-element_type=\"column\">\n\t\t\t<div class=\"elementor-column-wrap elementor-element-populated\">\n\t\t\t\t\t\t\t<div class=\"elementor-widget-wrap\">\n\t\t\t\t\t\t<div class=\"elementor-element elementor-element-2cd4acf elementor-widget elementor-widget-text-editor\"   data-id=\"2cd4acf\"   data-element_type=\"widget\"   data-widget_type=\"text-editor.default\">\n\t\t\t\t<div class=\"elementor-widget-container\">\n\t\t\t\t\t<div class=\"elementor-text-editor elementor-clearfix\"><p>Through a series of partnership agreements, we welcome volunteers from organizations or social welfare programs who contribute to many of our institutional activities.<\/p><\/div>\n\t\t\t\t<\/div>\n\t\t\t\t<\/div>\n\t\t\t\t<div class=\"elementor-element elementor-element-7f5e3f6 elementor-widget-divider--view-line_text elementor-widget-divider--element-align-left elementor-widget elementor-widget-divider\"   data-id=\"7f5e3f6\"   data-element_type=\"widget\"   data-widget_type=\"divider.default\">\n\t\t\t\t<div class=\"elementor-widget-container\">\n\t\t\t\t\t<div class=\"elementor-divider\">\n\t\t\t<span class=\"elementor-divider-separator\">\n\t\t\t\t\t\t\t<span class=\"elementor-divider__text elementor-divider__element\">CESC PROJECT<\/span>\n\t\t\t\t\t\t<\/span>\n\t\t<\/div>\n\t\t\t\t<\/div>\n\t\t\t\t<\/div>\n\t\t\t\t<div class=\"elementor-element-custom_font_size elementor-element-custom_line_height elementor-element elementor-element-0c1f598 elementor-widget elementor-widget-text-editor\"   data-id=\"0c1f598\"   data-element_type=\"widget\"   data-widget_type=\"text-editor.default\">\n\t\t\t\t<div class=\"elementor-widget-container\">\n\t\t\t\t\t<div class=\"elementor-text-editor elementor-clearfix\"><p><span style=\"color: #333333;\"  >Since 2013, we have collaborated with CESC Project, an Italian organization that promotes civil service and international cooperation through the work of volunteers involved in cultural, educational and humanitarian actions in different countries.<\/span><\/p><p><span style=\"color: #333333;\"  >In 2015, we received the first group of Italian volunteers who were integrated into the daily work with young people with disabilities at the Ca\u00f1uelas Day Center, participating in workshops and community activities and also proposing new actions that strengthened our work and strengthened ties with attendees and with the community. Every year a new group is added and the program is strengthened, incorporating activities that are renewing and expanding the volunteer program.<\/span><\/p><\/div>\n\t\t\t\t<\/div>\n\t\t\t\t<\/div>\n\t\t\t\t<div class=\"elementor-element elementor-element-5fc4051 elementor-widget-divider--view-line_text elementor-widget-divider--element-align-left elementor-widget elementor-widget-divider\"   data-id=\"5fc4051\"   data-element_type=\"widget\"   data-widget_type=\"divider.default\">\n\t\t\t\t<div class=\"elementor-widget-container\">\n\t\t\t\t\t<div class=\"elementor-divider\">\n\t\t\t<span class=\"elementor-divider-separator\">\n\t\t\t\t\t\t\t<span class=\"elementor-divider__text elementor-divider__element\">Carlos Pellegrini High School<\/span>\n\t\t\t\t\t\t<\/span>\n\t\t<\/div>\n\t\t\t\t<\/div>\n\t\t\t\t<\/div>\n\t\t\t\t<div class=\"elementor-element-custom_font_size elementor-element-custom_line_height elementor-element elementor-element-91ca91a elementor-widget elementor-widget-text-editor\"   data-id=\"91ca91a\"   data-element_type=\"widget\"   data-widget_type=\"text-editor.default\">\n\t\t\t\t<div class=\"elementor-widget-container\">\n\t\t\t\t\t<div class=\"elementor-text-editor elementor-clearfix\"><p><span style=\"color: #333333;\" >Through the school's \u201cSolidarity Action\u201d Program, since 2000 1st and 2nd year students and teachers participate in workshops and projects with girls, boys and adolescents from the Caballito Educational Therapeutic Center. <\/span><\/p>\n<p>Since then, different projects have been developed that involve the active participation of both institutions in different actions and events that have also been extended to other organizations in the community with excursions, walks, exhibitions at fairs and inclusive conferences. The axis that runs through this joint work is the promotion of the Rights of girls and boys and of people with disabilities.<\/p><\/div>\n\t\t\t\t<\/div>\n\t\t\t\t<\/div>\n\t\t\t\t<div class=\"elementor-element elementor-element-eef8218 elementor-widget elementor-widget-spacer\"   data-id=\"eef8218\"   data-element_type=\"widget\"   data-widget_type=\"spacer.default\">\n\t\t\t\t<div class=\"elementor-widget-container\">\n\t\t\t\t\t<div class=\"elementor-spacer\">\n\t\t\t<div class=\"elementor-spacer-inner\"><\/div>\n\t\t<\/div>\n\t\t\t\t<\/div>\n\t\t\t\t<\/div>\n\t\t\t\t<section data-particle_enable=\"false\"   data-particle-mobile-disabled=\"false\"   class=\"elementor-section elementor-inner-section elementor-element elementor-element-aa4b254 elementor-section-boxed elementor-section-height-default elementor-section-height-default\"   data-id=\"aa4b254\"   data-element_type=\"section\">\n\t\t\t\t\t\t<div class=\"elementor-container elementor-column-gap-default\">\n\t\t\t\t\t\t\t<div class=\"elementor-row\">\n\t\t\t\t\t<div class=\"elementor-column elementor-col-33 elementor-inner-column elementor-element elementor-element-e55945d\"   data-id=\"e55945d\"  data-element_type=\"column\">\n\t\t\t<div class=\"elementor-column-wrap elementor-element-populated\">\n\t\t\t\t\t\t\t<div class=\"elementor-widget-wrap\">\n\t\t\t\t\t\t<div class=\"elementor-element elementor-element-6241fc5 elementor-widget elementor-widget-image\"   data-id=\"6241fc5\"   data-element_type=\"widget\"   data-widget_type=\"image.default\">\n\t\t\t\t<div class=\"elementor-widget-container\">\n\t\t\t\t\t<div class=\"elementor-image\">\n\t\t\t\t\t\t\t\t\t\t\t<a href=\"http:\/\/fundacionipna.org.ar\/en\/wp-content\/uploads\/2020\/11\/voluntariado2.jpg\/\"  data-elementor-open-lightbox=\"yes\">\n\t\t\t\t\t\t\t<img loading=\"lazy\"   decoding=\"async\"   width=\"768\"   height=\"576\"   src=\"https:\/\/fundacionipna.org.ar\/wp-content\/uploads\/2020\/11\/voluntariado2-768x576.jpg\"   class=\"elementor-animation-bob attachment-medium_large size-medium_large\"   alt=\"\"   srcset=\"https:\/\/fundacionipna.org.ar\/wp-content\/uploads\/2020\/11\/voluntariado2-768x576.jpg 768w, https:\/\/fundacionipna.org.ar\/wp-content\/uploads\/2020\/11\/voluntariado2-300x225.jpg 300w, https:\/\/fundacionipna.org.ar\/wp-content\/uploads\/2020\/11\/voluntariado2-480x360.jpg 480w, https:\/\/fundacionipna.org.ar\/wp-content\/uploads\/2020\/11\/voluntariado2.jpg 900w\"  sizes=\"(max-width: 768px) 100vw, 768px\" title=\"\" \/>\t\t\t\t\t\t\t\t<\/a>\n\t\t\t\t\t\t\t\t\t\t\t<\/div>\n\t\t\t\t<\/div>\n\t\t\t\t<\/div>\n\t\t\t\t\t\t<\/div>\n\t\t\t\t\t<\/div>\n\t\t<\/div>\n\t\t\t\t<div class=\"elementor-column elementor-col-33 elementor-inner-column elementor-element elementor-element-1cc3753\"   data-id=\"1cc3753\"   data-element_type=\"column\">\n\t\t\t<div class=\"elementor-column-wrap elementor-element-populated\">\n\t\t\t\t\t\t\t<div class=\"elementor-widget-wrap\">\n\t\t\t\t\t\t<div class=\"elementor-element elementor-element-7ec9e60 elementor-widget elementor-widget-image\"   data-id=\"7ec9e60\"   data-element_type=\"widget\"   data-widget_type=\"image.default\">\n\t\t\t\t<div class=\"elementor-widget-container\">\n\t\t\t\t\t<div class=\"elementor-image\">\n\t\t\t\t\t\t\t\t\t\t\t<a href=\"http:\/\/fundacionipna.org.ar\/en\/wp-content\/uploads\/2020\/11\/voluntariado1.jpg\/\"   data-elementor-open-lightbox=\"yes\">\n\t\t\t\t\t\t\t<img loading=\"lazy\"   decoding=\"async\"   width=\"768\"   height=\"576\"   src=\"https:\/\/fundacionipna.org.ar\/wp-content\/uploads\/2020\/11\/voluntariado1-768x576.jpg\"   class=\"elementor-animation-bob attachment-medium_large size-medium_large\"   alt=\"\"   srcset=\"https:\/\/fundacionipna.org.ar\/wp-content\/uploads\/2020\/11\/voluntariado1-768x576.jpg 768w, https:\/\/fundacionipna.org.ar\/wp-content\/uploads\/2020\/11\/voluntariado1-300x225.jpg 300w, https:\/\/fundacionipna.org.ar\/wp-content\/uploads\/2020\/11\/voluntariado1-480x360.jpg 480w, https:\/\/fundacionipna.org.ar\/wp-content\/uploads\/2020\/11\/voluntariado1.jpg 900w\"   sizes=\"(max-width: 768px) 100vw, 768px\" title=\"\" \/>\t\t\t\t\t\t\t\t<\/a>\n\t\t\t\t\t\t\t\t\t\t\t<\/div>\n\t\t\t\t<\/div>\n\t\t\t\t<\/div>\n\t\t\t\t\t\t<\/div>\n\t\t\t\t\t<\/div>\n\t\t<\/div>\n\t\t\t\t<div class=\"elementor-column elementor-col-33 elementor-inner-column elementor-element elementor-element-2fa40a9\"   data-id=\"2fa40a9\"   data-element_type=\"column\">\n\t\t\t<div class=\"elementor-column-wrap elementor-element-populated\">\n\t\t\t\t\t\t\t<div class=\"elementor-widget-wrap\">\n\t\t\t\t\t\t<div class=\"elementor-element elementor-element-7d1d345 elementor-widget elementor-widget-image\"   data-id=\"7d1d345\"   data-element_type=\"widget\"   data-widget_type=\"image.default\">\n\t\t\t\t<div class=\"elementor-widget-container\">\n\t\t\t\t\t<div class=\"elementor-image\">\n\t\t\t\t\t\t\t\t\t\t\t<a href=\"http:\/\/fundacionipna.org.ar\/en\/wp-content\/uploads\/2020\/11\/voluntariado3.jpg\/\"   data-elementor-open-lightbox=\"yes\">\n\t\t\t\t\t\t\t<img loading=\"lazy\"   decoding=\"async\"   width=\"768\"   height=\"576\"   src=\"https:\/\/fundacionipna.org.ar\/wp-content\/uploads\/2020\/11\/voluntariado3-768x576.jpg\"   class=\"elementor-animation-bob attachment-medium_large size-medium_large\"   alt=\"\"   srcset=\"https:\/\/fundacionipna.org.ar\/wp-content\/uploads\/2020\/11\/voluntariado3-768x576.jpg 768w, https:\/\/fundacionipna.org.ar\/wp-content\/uploads\/2020\/11\/voluntariado3-300x225.jpg 300w, https:\/\/fundacionipna.org.ar\/wp-content\/uploads\/2020\/11\/voluntariado3-480x360.jpg 480w, https:\/\/fundacionipna.org.ar\/wp-content\/uploads\/2020\/11\/voluntariado3.jpg 900w\"  sizes=\"(max-width: 768px) 100vw, 768px\" title=\"\" \/>\t\t\t\t\t\t\t\t<\/a>\n\t\t\t\t\t\t\t\t\t\t\t<\/div>\n\t\t\t\t<\/div>\n\t\t\t\t<\/div>\n\t\t\t\t\t\t<\/div>\n\t\t\t\t\t<\/div>\n\t\t<\/div>\n\t\t\t\t\t\t\t\t<\/div>\n\t\t\t\t\t<\/div>\n\t\t<\/section>\n\t\t\t\t\t\t<\/div>\n\t\t\t\t\t<\/div>\n\t\t<\/div>\n\t\t\t\t<div class=\"elementor-column elementor-col-50 elementor-top-column elementor-element elementor-element-5b04ce0\"   data-id=\"5b04ce0\"   data-element_type=\"column\">\n\t\t\t<div class=\"elementor-column-wrap elementor-element-populated\">\n\t\t\t\t\t\t\t<div class=\"elementor-widget-wrap\">\n\t\t\t\t\t\t<div class=\"elementor-element elementor-element-649f425 elementor-aspect-ratio-169 elementor-widget elementor-widget-video\"   data-id=\"649f425\"   data-element_type=\"widget\"   data-settings=\"{&quot;aspect_ratio&quot;:&quot;169&quot;}\"   data-widget_type=\"video.default\">\n\t\t\t\t<div class=\"elementor-widget-container\">\n\t\t\t\t\t<div class=\"elementor-wrapper elementor-fit-aspect-ratio elementor-open-inline\">\n\t\t\t<iframe class=\"elementor-video-iframe\"   allowfullscreen title=\"youtube Video Player\"   src=\"https:\/\/www.youtube.com\/embed\/2lzm4cbemDc?feature=oembed&start&end&wmode=opaque&loop=0&controls=1&mute=0&rel=0&modestbranding=0\"><\/iframe>\t\t<\/div>\n\t\t\t\t<\/div>\n\t\t\t\t<\/div>\n\t\t\t\t<div class=\"elementor-element elementor-element-859e316 elementor-aspect-ratio-169 elementor-widget elementor-widget-video\"   data-id=\"859e316\"   data-element_type=\"widget\"   data-settings=\"{&quot;aspect_ratio&quot;:&quot;169&quot;}\"   data-widget_type=\"video.default\">\n\t\t\t\t<div class=\"elementor-widget-container\">\n\t\t\t\t\t<div class=\"elementor-wrapper elementor-fit-aspect-ratio elementor-open-inline\">\n\t\t\t\t\t<video class=\"elementor-video\"   src=\"https:\/\/fundacionipna.org.ar\/wp-content\/uploads\/2021\/07\/TRAILER-IPNA-UNICEF_1.mp4\"  controls=\"\" controlslist=\"nodownload\"><\/video>\n\t\t\t\t<\/div>\n\t\t\t\t<\/div>\n\t\t\t\t<\/div>\n\t\t\t\t\t\t<\/div>\n\t\t\t\t\t<\/div>\n\t\t<\/div>\n\t\t\t\t\t\t\t\t<\/div>\n\t\t\t\t\t<\/div>\n\t\t<\/section>\n\t\t\t\t\t\t<\/div>\n\t\t\t\t\t\t<\/div>\n\t\t\t\t\t<\/div>","protected":false},"excerpt":{"rendered":"<p>A trav\u00e9s de distintos convenios, articulamos con voluntarios de organizaciones o programas sociales que participan en distintas actividades institucionales. CESC PROJECT Desde 2013 articulamos con CESC Project, una organizaci\u00f3n italiana que promueve el servicio civil y la cooperaci\u00f3n internacional a trav\u00e9s del trabajo de voluntarios que participan en acciones culturales, educativas y humanitarias en distintos [&hellip;]<\/p>","protected":false},"author":1,"featured_media":0,"parent":0,"menu_order":0,"comment_status":"closed","ping_status":"closed","template":"","meta":{"footnotes":""},"_links":{"self":[{"href":"https:\/\/fundacionipna.org.ar\/en\/wp-json\/wp\/v2\/pages\/6261"}],"collection":[{"href":"https:\/\/fundacionipna.org.ar\/en\/wp-json\/wp\/v2\/pages"}],"about":[{"href":"https:\/\/fundacionipna.org.ar\/en\/wp-json\/wp\/v2\/types\/page"}],"author":[{"embeddable":true,"href":"https:\/\/fundacionipna.org.ar\/en\/wp-json\/wp\/v2\/users\/1"}],"replies":[{"embeddable":true,"href":"https:\/\/fundacionipna.org.ar\/en\/wp-json\/wp\/v2\/comments?post=6261"}],"version-history":[{"count":18,"href":"https:\/\/fundacionipna.org.ar\/en\/wp-json\/wp\/v2\/pages\/6261\/revisions"}],"predecessor-version":[{"id":8608,"href":"https:\/\/fundacionipna.org.ar\/en\/wp-json\/wp\/v2\/pages\/6261\/revisions\/8608"}],"wp:attachment":[{"href":"https:\/\/fundacionipna.org.ar\/en\/wp-json\/wp\/v2\/media?parent=6261"}],"curies":[{"name":"wp","href":"https:\/\/api.w.org\/{rel}","templated":true}]}}