{"id":6246,"date":"2020-07-31T01:06:25","date_gmt":"2020-07-31T04:06:25","guid":{"rendered":"http:\/\/fundacionipna.org.ar\/?page_id=6246"},"modified":"2021-07-22T15:12:52","modified_gmt":"2021-07-22T18:12:52","slug":"vision-y-objetivos","status":"publish","type":"page","link":"https:\/\/fundacionipna.org.ar\/en\/vision-y-objetivos\/","title":{"rendered":"Vision and Objectives"},"content":{"rendered":"<div data-elementor-type=\"wp-page\"   data-elementor-id=\"6246\"   class=\"elementor elementor-6246\"   data-elementor-settings=\"[]\">\n\t\t\t\t\t\t<div class=\"elementor-inner\">\n\t\t\t\t\t\t\t<div class=\"elementor-section-wrap\">\n\t\t\t\t\t\t\t<section data-particle_enable=\"false\"   data-particle-mobile-disabled=\"false\"   class=\"elementor-section elementor-top-section elementor-element elementor-element-c49507e elementor-section-boxed elementor-section-height-default elementor-section-height-default\"   data-id=\"c49507e\"  data-element_type=\"section\">\n\t\t\t\t\t\t<div class=\"elementor-container elementor-column-gap-wider\">\n\t\t\t\t\t\t\t<div class=\"elementor-row\">\n\t\t\t\t\t<div class=\"elementor-column elementor-col-50 elementor-top-column elementor-element elementor-element-45fa9cf\"   data-id=\"45fa9cf\"  data-element_type=\"column\">\n\t\t\t<div class=\"elementor-column-wrap elementor-element-populated\">\n\t\t\t\t\t\t\t<div class=\"elementor-widget-wrap\">\n\t\t\t\t\t\t<div class=\"elementor-element elementor-element-485e7bf elementor-widget elementor-widget-text-editor\"   data-id=\"485e7bf\"   data-element_type=\"widget\"   data-widget_type=\"text-editor.default\">\n\t\t\t\t<div class=\"elementor-widget-container\">\n\t\t\t\t\t<div class=\"elementor-text-editor elementor-clearfix\"><p align=\"justify\"  class=\" translation-block\">The IPNA Foundation is a public good organization that contributes to the social integration of people with disabilities by disseminating and promoting their rights; providing counseling and training; and organizing educational, therapeutic and cultural activities.<\/p><\/div>\n\t\t\t\t<\/div>\n\t\t\t\t<\/div>\n\t\t\t\t<div class=\"elementor-element elementor-element-6178c05 elementor-widget elementor-widget-accordion\"   data-id=\"6178c05\"   data-element_type=\"widget\"   data-widget_type=\"accordion.default\">\n\t\t\t\t<div class=\"elementor-widget-container\">\n\t\t\t\t\t<div class=\"elementor-accordion\" role=\"tablist\">\n\t\t\t\t\t\t\t<div class=\"elementor-accordion-item\">\n\t\t\t\t\t<div id=\"elementor-tab-title-1021\"   class=\"elementor-tab-title\"   data-tab=\"1\"   role=\"tab\"   aria-controls=\"elementor-tab-content-1021\">\n\t\t\t\t\t\t\t\t\t\t\t\t\t<span class=\"elementor-accordion-icon elementor-accordion-icon-left\" aria-hidden=\"true\">\n\t\t\t\t\t\t\t\t\t\t\t\t\t\t\t<span class=\"elementor-accordion-icon-closed\"><i class=\"far fa-circle\"><\/i><\/span>\n\t\t\t\t\t\t\t\t<span class=\"elementor-accordion-icon-opened\"><i class=\"far fa-dot-circle\"><\/i><\/span>\n\t\t\t\t\t\t\t\t\t\t\t\t\t\t<\/span>\n\t\t\t\t\t\t\t\t\t\t\t\t<a class=\"elementor-accordion-title\" href=\"\">Vision<\/a>\n\t\t\t\t\t<\/div>\n\t\t\t\t\t<div id=\"elementor-tab-content-1021\"   class=\"elementor-tab-content elementor-clearfix\"   data-tab=\"1\"   role=\"tabpanel\"   aria-labelledby=\"elementor-tab-title-1021\"><p class=\" translation-block\">To get disability on the public agenda and promote awareness of disability as a human rights issue.<\/p><\/div>\n\t\t\t\t<\/div>\n\t\t\t\t\t\t\t<div class=\"elementor-accordion-item\">\n\t\t\t\t\t<div id=\"elementor-tab-title-1022\"   class=\"elementor-tab-title\"   data-tab=\"2\"   role=\"tab\"   aria-controls=\"elementor-tab-content-1022\">\n\t\t\t\t\t\t\t\t\t\t\t\t\t<span class=\"elementor-accordion-icon elementor-accordion-icon-left\" aria-hidden=\"true\">\n\t\t\t\t\t\t\t\t\t\t\t\t\t\t\t<span class=\"elementor-accordion-icon-closed\"><i class=\"far fa-circle\"><\/i><\/span>\n\t\t\t\t\t\t\t\t<span class=\"elementor-accordion-icon-opened\"><i class=\"far fa-dot-circle\"><\/i><\/span>\n\t\t\t\t\t\t\t\t\t\t\t\t\t\t<\/span>\n\t\t\t\t\t\t\t\t\t\t\t\t<a class=\"elementor-accordion-title\" href=\"\">Mission<\/a>\n\t\t\t\t\t<\/div>\n\t\t\t\t\t<div id=\"elementor-tab-content-1022\"   class=\"elementor-tab-content elementor-clearfix\"   data-tab=\"2\"   role=\"tabpanel\"   aria-labelledby=\"elementor-tab-title-1022\"><p align=\"justify\" ><span>To help improve the quality of life of people with disabilities, working with their families and civil society organizations to promote the awareness and exercise of their rights.<\/span><\/p><\/div>\n\t\t\t\t<\/div>\n\t\t\t\t\t\t\t<div class=\"elementor-accordion-item\">\n\t\t\t\t\t<div id=\"elementor-tab-title-1023\"   class=\"elementor-tab-title\"   data-tab=\"3\"   role=\"tab\"   aria-controls=\"elementor-tab-content-1023\">\n\t\t\t\t\t\t\t\t\t\t\t\t\t<span class=\"elementor-accordion-icon elementor-accordion-icon-left\" aria-hidden=\"true\">\n\t\t\t\t\t\t\t\t\t\t\t\t\t\t\t<span class=\"elementor-accordion-icon-closed\"><i class=\"far fa-circle\"><\/i><\/span>\n\t\t\t\t\t\t\t\t<span class=\"elementor-accordion-icon-opened\"><i class=\"far fa-dot-circle\"><\/i><\/span>\n\t\t\t\t\t\t\t\t\t\t\t\t\t\t<\/span>\n\t\t\t\t\t\t\t\t\t\t\t\t<a class=\"elementor-accordion-title\" href=\"\">Objective<\/a>\n\t\t\t\t\t<\/div>\n\t\t\t\t\t<div id=\"elementor-tab-content-1023\"   class=\"elementor-tab-content elementor-clearfix\"   data-tab=\"3\"   role=\"tabpanel\"   aria-labelledby=\"elementor-tab-title-1023\"><p align=\"justify\"><span>To provide activities, services and programs that promote the social integration of people with disabilities through a cross-disciplinary perspective that considers human rights.<\/span><\/p><\/div>\n\t\t\t\t<\/div>\n\t\t\t\t\t<\/div>\n\t\t\t\t<\/div>\n\t\t\t\t<\/div>\n\t\t\t\t\t\t<\/div>\n\t\t\t\t\t<\/div>\n\t\t<\/div>\n\t\t\t\t<div class=\"elementor-column elementor-col-50 elementor-top-column elementor-element elementor-element-cc3e6c9\"   data-id=\"cc3e6c9\"   data-element_type=\"column\">\n\t\t\t<div class=\"elementor-column-wrap elementor-element-populated\">\n\t\t\t\t\t\t\t<div class=\"elementor-widget-wrap\">\n\t\t\t\t\t\t<div class=\"elementor-element elementor-element-c578c2f elementor-aspect-ratio-169 elementor-widget elementor-widget-video\"   data-id=\"c578c2f\"   data-element_type=\"widget\"   data-settings=\"{&quot;aspect_ratio&quot;:&quot;169&quot;}\"  data-widget_type=\"video.default\">\n\t\t\t\t<div class=\"elementor-widget-container\">\n\t\t\t\t\t<div class=\"elementor-wrapper elementor-fit-aspect-ratio elementor-open-inline\">\n\t\t\t<iframe class=\"elementor-video-iframe\"   allowfullscreen title=\"youtube Video Player\"   src=\"https:\/\/www.youtube.com\/embed\/2lzm4cbemDc?feature=oembed&start&end&wmode=opaque&loop=0&controls=1&mute=0&rel=0&modestbranding=0\"><\/iframe>\t\t<\/div>\n\t\t\t\t<\/div>\n\t\t\t\t<\/div>\n\t\t\t\t<div class=\"elementor-element elementor-element-90197e6 elementor-aspect-ratio-169 elementor-widget elementor-widget-video\"   data-id=\"90197e6\"   data-element_type=\"widget\"   data-settings=\"{&quot;aspect_ratio&quot;:&quot;169&quot;}\"   data-widget_type=\"video.default\">\n\t\t\t\t<div class=\"elementor-widget-container\">\n\t\t\t\t\t<div class=\"elementor-wrapper elementor-fit-aspect-ratio elementor-open-inline\">\n\t\t\t\t\t<video class=\"elementor-video\"   src=\"https:\/\/fundacionipna.org.ar\/wp-content\/uploads\/2021\/07\/TRAILER-IPNA-UNICEF_1.mp4\"  controls=\"\" controlslist=\"nodownload\"><\/video>\n\t\t\t\t<\/div>\n\t\t\t\t<\/div>\n\t\t\t\t<\/div>\n\t\t\t\t<div class=\"elementor-element elementor-element-98d01da elementor-widget elementor-widget-spacer\"   data-id=\"98d01da\"   data-element_type=\"widget\"   data-widget_type=\"spacer.default\">\n\t\t\t\t<div class=\"elementor-widget-container\">\n\t\t\t\t\t<div class=\"elementor-spacer\">\n\t\t\t<div class=\"elementor-spacer-inner\"><\/div>\n\t\t<\/div>\n\t\t\t\t<\/div>\n\t\t\t\t<\/div>\n\t\t\t\t\t\t<\/div>\n\t\t\t\t\t<\/div>\n\t\t<\/div>\n\t\t\t\t\t\t\t\t<\/div>\n\t\t\t\t\t<\/div>\n\t\t<\/section>\n\t\t\t\t\t\t<\/div>\n\t\t\t\t\t\t<\/div>\n\t\t\t\t\t<\/div>","protected":false},"excerpt":{"rendered":"<p>La Fundaci\u00f3n IPNA es una entidad de Bien P\u00fablico que trabaja desde 1988 con el objetivo de contribuir a la inclusi\u00f3n social de las personas con discapacidad a trav\u00e9s de la difusi\u00f3n y promoci\u00f3n de sus derechos, acciones de asesoramiento y capacitaci\u00f3n y desarrollo de actividades educativas, terap\u00e9uticas y culturales. Visi\u00f3n Posicionar la discapacidad en [&hellip;]<\/p>","protected":false},"author":1,"featured_media":0,"parent":0,"menu_order":0,"comment_status":"closed","ping_status":"closed","template":"","meta":{"footnotes":""},"_links":{"self":[{"href":"https:\/\/fundacionipna.org.ar\/en\/wp-json\/wp\/v2\/pages\/6246"}],"collection":[{"href":"https:\/\/fundacionipna.org.ar\/en\/wp-json\/wp\/v2\/pages"}],"about":[{"href":"https:\/\/fundacionipna.org.ar\/en\/wp-json\/wp\/v2\/types\/page"}],"author":[{"embeddable":true,"href":"https:\/\/fundacionipna.org.ar\/en\/wp-json\/wp\/v2\/users\/1"}],"replies":[{"embeddable":true,"href":"https:\/\/fundacionipna.org.ar\/en\/wp-json\/wp\/v2\/comments?post=6246"}],"version-history":[{"count":9,"href":"https:\/\/fundacionipna.org.ar\/en\/wp-json\/wp\/v2\/pages\/6246\/revisions"}],"predecessor-version":[{"id":8600,"href":"https:\/\/fundacionipna.org.ar\/en\/wp-json\/wp\/v2\/pages\/6246\/revisions\/8600"}],"wp:attachment":[{"href":"https:\/\/fundacionipna.org.ar\/en\/wp-json\/wp\/v2\/media?parent=6246"}],"curies":[{"name":"wp","href":"https:\/\/api.w.org\/{rel}","templated":true}]}}